{"id":479,"date":"2021-06-22T17:37:10","date_gmt":"2021-06-22T13:37:10","guid":{"rendered":"https:\/\/latonnellehotel.com\/?page_id=479"},"modified":"2022-02-10T15:48:47","modified_gmt":"2022-02-10T11:48:47","slug":"wellness","status":"publish","type":"page","link":"https:\/\/latonnellehotel.com\/fr\/wellness\/","title":{"rendered":"Bien-\u00catre"},"content":{"rendered":"<div data-elementor-type=\"wp-page\" data-elementor-id=\"479\" class=\"elementor elementor-479\">\n\t\t\t\t\t\t<section class=\"elementor-section elementor-top-section elementor-element elementor-element-763225d elementor-section-height-full elementor-section-full_width elementor-section-height-default elementor-section-items-middle\" data-id=\"763225d\" data-element_type=\"section\" data-settings=\"{&quot;background_background&quot;:&quot;classic&quot;}\">\n\t\t\t\t\t\t<div class=\"elementor-container elementor-column-gap-no\">\n\t\t\t\t\t<div class=\"elementor-column elementor-col-100 elementor-top-column elementor-element elementor-element-9e7d8e8\" data-id=\"9e7d8e8\" data-element_type=\"column\">\n\t\t\t<div class=\"elementor-widget-wrap elementor-element-populated\">\n\t\t\t\t\t\t<section class=\"elementor-section elementor-inner-section elementor-element elementor-element-a54cc51 elementor-section-boxed elementor-section-height-default elementor-section-height-default\" data-id=\"a54cc51\" data-element_type=\"section\">\n\t\t\t\t\t\t<div class=\"elementor-container elementor-column-gap-default\">\n\t\t\t\t\t<div class=\"elementor-column elementor-col-50 elementor-inner-column elementor-element elementor-element-eae9543\" data-id=\"eae9543\" data-element_type=\"column\" data-settings=\"{&quot;background_background&quot;:&quot;classic&quot;}\">\n\t\t\t<div class=\"elementor-widget-wrap elementor-element-populated\">\n\t\t\t\t\t\t<div class=\"elementor-element elementor-element-3f562af elementor-widget elementor-widget-text-editor\" data-id=\"3f562af\" data-element_type=\"widget\" data-widget_type=\"text-editor.default\">\n\t\t\t\t<div class=\"elementor-widget-container\">\n\t\t\t\t\t\t\t\t\t<p>WELLNESS CENTER<\/p><p>ESTH\u00c9TIQUE, COIFFURE, MASSAGE<\/p><p>Ici \u00e0 La Tonnelle dans notre centre de massage et d'esth\u00e9tique nous proposons des massages vari\u00e9s selon les besoins de nos chers clients.<\/p><p>Le massage relaxation s'illustre comme une v\u00e9ritable source de d\u00e9tente, en enlevant les noeuds musculaires et en optimisant la circulation sanguine et lymphatique, il elimine stress et anxiet\u00e9.<\/p>\t\t\t\t\t\t\t\t<\/div>\n\t\t\t\t<\/div>\n\t\t\t\t\t<\/div>\n\t\t<\/div>\n\t\t\t\t<div class=\"elementor-column elementor-col-50 elementor-inner-column elementor-element elementor-element-db5ce72\" data-id=\"db5ce72\" data-element_type=\"column\">\n\t\t\t<div class=\"elementor-widget-wrap\">\n\t\t\t\t\t\t\t<\/div>\n\t\t<\/div>\n\t\t\t\t\t<\/div>\n\t\t<\/section>\n\t\t\t\t\t<\/div>\n\t\t<\/div>\n\t\t\t\t\t<\/div>\n\t\t<\/section>\n\t\t\t\t<section class=\"elementor-section elementor-top-section elementor-element elementor-element-2a1bd80 elementor-section-boxed elementor-section-height-default elementor-section-height-default\" data-id=\"2a1bd80\" data-element_type=\"section\">\n\t\t\t\t\t\t<div class=\"elementor-container elementor-column-gap-default\">\n\t\t\t\t\t<div class=\"elementor-column elementor-col-50 elementor-top-column elementor-element elementor-element-ac27e47\" data-id=\"ac27e47\" data-element_type=\"column\">\n\t\t\t<div class=\"elementor-widget-wrap\">\n\t\t\t\t\t\t\t<\/div>\n\t\t<\/div>\n\t\t\t\t<div class=\"elementor-column elementor-col-50 elementor-top-column elementor-element elementor-element-6065d3c\" data-id=\"6065d3c\" data-element_type=\"column\">\n\t\t\t<div class=\"elementor-widget-wrap\">\n\t\t\t\t\t\t\t<\/div>\n\t\t<\/div>\n\t\t\t\t\t<\/div>\n\t\t<\/section>\n\t\t\t\t<section class=\"elementor-section elementor-top-section elementor-element elementor-element-6a5ae53 elementor-section-boxed elementor-section-height-default elementor-section-height-default\" data-id=\"6a5ae53\" data-element_type=\"section\">\n\t\t\t\t\t\t<div class=\"elementor-container elementor-column-gap-default\">\n\t\t\t\t\t<div class=\"elementor-column elementor-col-33 elementor-top-column elementor-element elementor-element-f41ad61\" data-id=\"f41ad61\" data-element_type=\"column\">\n\t\t\t<div class=\"elementor-widget-wrap elementor-element-populated\">\n\t\t\t\t\t\t<div class=\"elementor-element elementor-element-fe4a28f elementor-widget elementor-widget-image\" data-id=\"fe4a28f\" data-element_type=\"widget\" data-widget_type=\"image.default\">\n\t\t\t\t<div class=\"elementor-widget-container\">\n\t\t\t\t\t\t\t\t\t\t\t\t\t\t\t<img fetchpriority=\"high\" decoding=\"async\" width=\"310\" height=\"233\" src=\"https:\/\/latonnellehotel.com\/wp-content\/uploads\/2021\/06\/Massage-latonnelle.png\" class=\"attachment-large size-large wp-image-484\" alt=\"\" srcset=\"https:\/\/latonnellehotel.com\/wp-content\/uploads\/2021\/06\/Massage-latonnelle.png 310w, https:\/\/latonnellehotel.com\/wp-content\/uploads\/2021\/06\/Massage-latonnelle-300x225.png 300w, https:\/\/latonnellehotel.com\/wp-content\/uploads\/2021\/06\/Massage-latonnelle-16x12.png 16w\" sizes=\"(max-width: 310px) 100vw, 310px\" \/>\t\t\t\t\t\t\t\t\t\t\t\t\t\t\t<\/div>\n\t\t\t\t<\/div>\n\t\t\t\t\t<\/div>\n\t\t<\/div>\n\t\t\t\t<div class=\"elementor-column elementor-col-33 elementor-top-column elementor-element elementor-element-231deb7\" data-id=\"231deb7\" data-element_type=\"column\">\n\t\t\t<div class=\"elementor-widget-wrap elementor-element-populated\">\n\t\t\t\t\t\t<div class=\"elementor-element elementor-element-d1312af elementor-widget elementor-widget-text-editor\" data-id=\"d1312af\" data-element_type=\"widget\" data-widget_type=\"text-editor.default\">\n\t\t\t\t<div class=\"elementor-widget-container\">\n\t\t\t\t\t\t\t\t\t<p>Nos massages tournent autour des sens et des chakras. Dans une ambiance de parfum et de musique douce ils r\u00e9\u00e9quilibreront votre corps et harmoniseront vos \u00e9nergies par une lib\u00e9ration somato-\u00e9motionnelle. Les massages reconstitute l\u2019homog\u00e9n\u00e9it\u00e9 du corps et de l\u2019esprit.<\/p><p>La r\u00e9flexologie plantaire est une m\u00e9dicine douce qui est de plus en plus utilise pour apaiser notamment les tensions. Massage des pieds et de la voute plantaire en particulier, elle permet de combattre le stress mais aussi les tensions du corps.<\/p>\t\t\t\t\t\t\t\t<\/div>\n\t\t\t\t<\/div>\n\t\t\t\t\t<\/div>\n\t\t<\/div>\n\t\t\t\t<div class=\"elementor-column elementor-col-33 elementor-top-column elementor-element elementor-element-489eed3\" data-id=\"489eed3\" data-element_type=\"column\">\n\t\t\t<div class=\"elementor-widget-wrap elementor-element-populated\">\n\t\t\t\t\t\t<div class=\"elementor-element elementor-element-2a51440 elementor-widget elementor-widget-image\" data-id=\"2a51440\" data-element_type=\"widget\" data-widget_type=\"image.default\">\n\t\t\t\t<div class=\"elementor-widget-container\">\n\t\t\t\t\t\t\t\t\t\t\t\t\t\t\t<img decoding=\"async\" width=\"313\" height=\"233\" src=\"https:\/\/latonnellehotel.com\/wp-content\/uploads\/2021\/06\/Relaxation-latonnelle.png\" class=\"attachment-large size-large wp-image-485\" alt=\"\" srcset=\"https:\/\/latonnellehotel.com\/wp-content\/uploads\/2021\/06\/Relaxation-latonnelle.png 313w, https:\/\/latonnellehotel.com\/wp-content\/uploads\/2021\/06\/Relaxation-latonnelle-300x223.png 300w, https:\/\/latonnellehotel.com\/wp-content\/uploads\/2021\/06\/Relaxation-latonnelle-16x12.png 16w\" sizes=\"(max-width: 313px) 100vw, 313px\" \/>\t\t\t\t\t\t\t\t\t\t\t\t\t\t\t<\/div>\n\t\t\t\t<\/div>\n\t\t\t\t\t<\/div>\n\t\t<\/div>\n\t\t\t\t\t<\/div>\n\t\t<\/section>\n\t\t\t\t<\/div>","protected":false},"excerpt":{"rendered":"<p>WELLNESS CENTER BEAUTY CARE, HAIRSTYLING, MASSAGE Here at LaTonnelle in our massage and beauty center, we offer various massages according to the needs of our dear customers. Relaxation massage is a real source of relaxation, removing muscle knots and optimizing blood and lymphatic circulation, it eliminates stress and anxiety. Our massages revolve around the senses [&hellip;]<\/p>","protected":false},"author":2,"featured_media":0,"parent":0,"menu_order":0,"comment_status":"closed","ping_status":"closed","template":"","meta":{"footnotes":""},"class_list":["post-479","page","type-page","status-publish","hentry"],"yoast_head":"<!-- This site is optimized with the Yoast SEO plugin v25.6 - https:\/\/yoast.com\/wordpress\/plugins\/seo\/ -->\n<title>WELLNESS - La Tonnelle Hotel<\/title>\n<meta name=\"robots\" content=\"index, follow, max-snippet:-1, max-image-preview:large, max-video-preview:-1\" \/>\n<link rel=\"canonical\" href=\"https:\/\/latonnellehotel.com\/fr\/wellness\/\" \/>\n<meta property=\"og:locale\" content=\"fr_FR\" \/>\n<meta property=\"og:type\" content=\"article\" \/>\n<meta property=\"og:title\" content=\"WELLNESS - La Tonnelle Hotel\" \/>\n<meta property=\"og:description\" content=\"WELLNESS CENTER BEAUTY CARE, HAIRSTYLING, MASSAGE Here at LaTonnelle in our massage and beauty center, we offer various massages according to the needs of our dear customers. Relaxation massage is a real source of relaxation, removing muscle knots and optimizing blood and lymphatic circulation, it eliminates stress and anxiety. Our massages revolve around the senses [&hellip;]\" \/>\n<meta property=\"og:url\" content=\"https:\/\/latonnellehotel.com\/fr\/wellness\/\" \/>\n<meta property=\"og:site_name\" content=\"La Tonnelle Hotel\" \/>\n<meta property=\"article:modified_time\" content=\"2022-02-10T11:48:47+00:00\" \/>\n<meta property=\"og:image\" content=\"https:\/\/latonnellehotel.com\/wp-content\/uploads\/2021\/06\/Massage-latonnelle.png\" \/>\n<meta name=\"twitter:card\" content=\"summary_large_image\" \/>\n<meta name=\"twitter:label1\" content=\"Dur\u00e9e de lecture estim\u00e9e\" \/>\n\t<meta name=\"twitter:data1\" content=\"1 minute\" \/>\n<script type=\"application\/ld+json\" class=\"yoast-schema-graph\">{\"@context\":\"https:\/\/schema.org\",\"@graph\":[{\"@type\":\"WebPage\",\"@id\":\"https:\/\/latonnellehotel.com\/fr\/wellness\/\",\"url\":\"https:\/\/latonnellehotel.com\/fr\/wellness\/\",\"name\":\"WELLNESS - La Tonnelle Hotel\",\"isPartOf\":{\"@id\":\"https:\/\/latonnellehotel.com\/#website\"},\"primaryImageOfPage\":{\"@id\":\"https:\/\/latonnellehotel.com\/fr\/wellness\/#primaryimage\"},\"image\":{\"@id\":\"https:\/\/latonnellehotel.com\/fr\/wellness\/#primaryimage\"},\"thumbnailUrl\":\"https:\/\/latonnellehotel.com\/wp-content\/uploads\/2021\/06\/Massage-latonnelle.png\",\"datePublished\":\"2021-06-22T13:37:10+00:00\",\"dateModified\":\"2022-02-10T11:48:47+00:00\",\"breadcrumb\":{\"@id\":\"https:\/\/latonnellehotel.com\/fr\/wellness\/#breadcrumb\"},\"inLanguage\":\"fr-FR\",\"potentialAction\":[{\"@type\":\"ReadAction\",\"target\":[\"https:\/\/latonnellehotel.com\/fr\/wellness\/\"]}]},{\"@type\":\"ImageObject\",\"inLanguage\":\"fr-FR\",\"@id\":\"https:\/\/latonnellehotel.com\/fr\/wellness\/#primaryimage\",\"url\":\"https:\/\/latonnellehotel.com\/wp-content\/uploads\/2021\/06\/Massage-latonnelle.png\",\"contentUrl\":\"https:\/\/latonnellehotel.com\/wp-content\/uploads\/2021\/06\/Massage-latonnelle.png\"},{\"@type\":\"BreadcrumbList\",\"@id\":\"https:\/\/latonnellehotel.com\/fr\/wellness\/#breadcrumb\",\"itemListElement\":[{\"@type\":\"ListItem\",\"position\":1,\"name\":\"Home\",\"item\":\"https:\/\/latonnellehotel.com\/\"},{\"@type\":\"ListItem\",\"position\":2,\"name\":\"WELLNESS\"}]},{\"@type\":\"WebSite\",\"@id\":\"https:\/\/latonnellehotel.com\/#website\",\"url\":\"https:\/\/latonnellehotel.com\/\",\"name\":\"La Tonnelle Hotel\",\"description\":\"Guest House, Trou aux Biches, Mauritius\",\"publisher\":{\"@id\":\"https:\/\/latonnellehotel.com\/#organization\"},\"potentialAction\":[{\"@type\":\"SearchAction\",\"target\":{\"@type\":\"EntryPoint\",\"urlTemplate\":\"https:\/\/latonnellehotel.com\/?s={search_term_string}\"},\"query-input\":{\"@type\":\"PropertyValueSpecification\",\"valueRequired\":true,\"valueName\":\"search_term_string\"}}],\"inLanguage\":\"fr-FR\"},{\"@type\":\"Organization\",\"@id\":\"https:\/\/latonnellehotel.com\/#organization\",\"name\":\"La Tonnelle Hotel - Guest House in Mauritius\",\"url\":\"https:\/\/latonnellehotel.com\/\",\"logo\":{\"@type\":\"ImageObject\",\"inLanguage\":\"fr-FR\",\"@id\":\"https:\/\/latonnellehotel.com\/#\/schema\/logo\/image\/\",\"url\":\"https:\/\/latonnellehotel.com\/wp-content\/uploads\/2021\/06\/logo-latonnelle.png\",\"contentUrl\":\"https:\/\/latonnellehotel.com\/wp-content\/uploads\/2021\/06\/logo-latonnelle.png\",\"width\":177,\"height\":106,\"caption\":\"La Tonnelle Hotel - Guest House in Mauritius\"},\"image\":{\"@id\":\"https:\/\/latonnellehotel.com\/#\/schema\/logo\/image\/\"}}]}<\/script>\n<!-- \/ Yoast SEO plugin. -->","yoast_head_json":{"title":"WELLNESS - La Tonnelle Hotel","robots":{"index":"index","follow":"follow","max-snippet":"max-snippet:-1","max-image-preview":"max-image-preview:large","max-video-preview":"max-video-preview:-1"},"canonical":"https:\/\/latonnellehotel.com\/fr\/wellness\/","og_locale":"fr_FR","og_type":"article","og_title":"WELLNESS - La Tonnelle Hotel","og_description":"WELLNESS CENTER BEAUTY CARE, HAIRSTYLING, MASSAGE Here at LaTonnelle in our massage and beauty center, we offer various massages according to the needs of our dear customers. Relaxation massage is a real source of relaxation, removing muscle knots and optimizing blood and lymphatic circulation, it eliminates stress and anxiety. Our massages revolve around the senses [&hellip;]","og_url":"https:\/\/latonnellehotel.com\/fr\/wellness\/","og_site_name":"La Tonnelle Hotel","article_modified_time":"2022-02-10T11:48:47+00:00","og_image":[{"url":"https:\/\/latonnellehotel.com\/wp-content\/uploads\/2021\/06\/Massage-latonnelle.png","type":"","width":"","height":""}],"twitter_card":"summary_large_image","twitter_misc":{"Dur\u00e9e de lecture estim\u00e9e":"1 minute"},"schema":{"@context":"https:\/\/schema.org","@graph":[{"@type":"WebPage","@id":"https:\/\/latonnellehotel.com\/fr\/wellness\/","url":"https:\/\/latonnellehotel.com\/fr\/wellness\/","name":"WELLNESS - La Tonnelle Hotel","isPartOf":{"@id":"https:\/\/latonnellehotel.com\/#website"},"primaryImageOfPage":{"@id":"https:\/\/latonnellehotel.com\/fr\/wellness\/#primaryimage"},"image":{"@id":"https:\/\/latonnellehotel.com\/fr\/wellness\/#primaryimage"},"thumbnailUrl":"https:\/\/latonnellehotel.com\/wp-content\/uploads\/2021\/06\/Massage-latonnelle.png","datePublished":"2021-06-22T13:37:10+00:00","dateModified":"2022-02-10T11:48:47+00:00","breadcrumb":{"@id":"https:\/\/latonnellehotel.com\/fr\/wellness\/#breadcrumb"},"inLanguage":"fr-FR","potentialAction":[{"@type":"ReadAction","target":["https:\/\/latonnellehotel.com\/fr\/wellness\/"]}]},{"@type":"ImageObject","inLanguage":"fr-FR","@id":"https:\/\/latonnellehotel.com\/fr\/wellness\/#primaryimage","url":"https:\/\/latonnellehotel.com\/wp-content\/uploads\/2021\/06\/Massage-latonnelle.png","contentUrl":"https:\/\/latonnellehotel.com\/wp-content\/uploads\/2021\/06\/Massage-latonnelle.png"},{"@type":"BreadcrumbList","@id":"https:\/\/latonnellehotel.com\/fr\/wellness\/#breadcrumb","itemListElement":[{"@type":"ListItem","position":1,"name":"Home","item":"https:\/\/latonnellehotel.com\/"},{"@type":"ListItem","position":2,"name":"WELLNESS"}]},{"@type":"WebSite","@id":"https:\/\/latonnellehotel.com\/#website","url":"https:\/\/latonnellehotel.com\/","name":"La Tonnelle Hotel","description":"Guest House, Trou aux Biches, Mauritius","publisher":{"@id":"https:\/\/latonnellehotel.com\/#organization"},"potentialAction":[{"@type":"SearchAction","target":{"@type":"EntryPoint","urlTemplate":"https:\/\/latonnellehotel.com\/?s={search_term_string}"},"query-input":{"@type":"PropertyValueSpecification","valueRequired":true,"valueName":"search_term_string"}}],"inLanguage":"fr-FR"},{"@type":"Organization","@id":"https:\/\/latonnellehotel.com\/#organization","name":"La Tonnelle Hotel - Guest House in Mauritius","url":"https:\/\/latonnellehotel.com\/","logo":{"@type":"ImageObject","inLanguage":"fr-FR","@id":"https:\/\/latonnellehotel.com\/#\/schema\/logo\/image\/","url":"https:\/\/latonnellehotel.com\/wp-content\/uploads\/2021\/06\/logo-latonnelle.png","contentUrl":"https:\/\/latonnellehotel.com\/wp-content\/uploads\/2021\/06\/logo-latonnelle.png","width":177,"height":106,"caption":"La Tonnelle Hotel - Guest House in Mauritius"},"image":{"@id":"https:\/\/latonnellehotel.com\/#\/schema\/logo\/image\/"}}]}},"_links":{"self":[{"href":"https:\/\/latonnellehotel.com\/fr\/wp-json\/wp\/v2\/pages\/479","targetHints":{"allow":["GET"]}}],"collection":[{"href":"https:\/\/latonnellehotel.com\/fr\/wp-json\/wp\/v2\/pages"}],"about":[{"href":"https:\/\/latonnellehotel.com\/fr\/wp-json\/wp\/v2\/types\/page"}],"author":[{"embeddable":true,"href":"https:\/\/latonnellehotel.com\/fr\/wp-json\/wp\/v2\/users\/2"}],"replies":[{"embeddable":true,"href":"https:\/\/latonnellehotel.com\/fr\/wp-json\/wp\/v2\/comments?post=479"}],"version-history":[{"count":0,"href":"https:\/\/latonnellehotel.com\/fr\/wp-json\/wp\/v2\/pages\/479\/revisions"}],"wp:attachment":[{"href":"https:\/\/latonnellehotel.com\/fr\/wp-json\/wp\/v2\/media?parent=479"}],"curies":[{"name":"wp","href":"https:\/\/api.w.org\/{rel}","templated":true}]}}