{"id":68,"date":"2021-06-07T13:09:32","date_gmt":"2021-06-07T09:09:32","guid":{"rendered":"https:\/\/latonnellehotel.com\/?page_id=68"},"modified":"2021-11-05T12:10:02","modified_gmt":"2021-11-05T08:10:02","slug":"contact-latonnelle","status":"publish","type":"page","link":"https:\/\/latonnellehotel.com\/fr\/contact-latonnelle\/","title":{"rendered":"Contact Latonnelle"},"content":{"rendered":"<div data-elementor-type=\"wp-page\" data-elementor-id=\"68\" class=\"elementor elementor-68\">\n\t\t\t\t\t\t<section class=\"elementor-section elementor-top-section elementor-element elementor-element-59c2780 elementor-section-boxed elementor-section-height-default elementor-section-height-default\" data-id=\"59c2780\" data-element_type=\"section\">\n\t\t\t\t\t\t<div class=\"elementor-container elementor-column-gap-default\">\n\t\t\t\t\t<div class=\"elementor-column elementor-col-50 elementor-top-column elementor-element elementor-element-843e6dd\" data-id=\"843e6dd\" data-element_type=\"column\">\n\t\t\t<div class=\"elementor-widget-wrap elementor-element-populated\">\n\t\t\t\t\t\t<div class=\"elementor-element elementor-element-c86240e elementor-widget elementor-widget-heading\" data-id=\"c86240e\" data-element_type=\"widget\" data-widget_type=\"heading.default\">\n\t\t\t\t<div class=\"elementor-widget-container\">\n\t\t\t\t\t<h2 class=\"elementor-heading-title elementor-size-default\">CONTACTER NOUS<\/h2>\t\t\t\t<\/div>\n\t\t\t\t<\/div>\n\t\t\t\t<div class=\"elementor-element elementor-element-e0e4a5e elementor-widget elementor-widget-text-editor\" data-id=\"e0e4a5e\" data-element_type=\"widget\" data-widget_type=\"text-editor.default\">\n\t\t\t\t<div class=\"elementor-widget-container\">\n\t\t\t\t\t\t\t\t\t<p>Pour nous aider \u00e0 r\u00e9pondre \u00e0 vos demandes et questions, veuillez remplir le formulaire ci-dessous. Nous vous r\u00e9pondrons dans les plus brefs d\u00e9lais. Vous pouvez nous joindre par t\u00e9l\u00e9phone et WhatsApp sur le (+230) 54 99 68 55.<\/p><p>mail : contact@latonnellehotel.com<\/p>\t\t\t\t\t\t\t\t<\/div>\n\t\t\t\t<\/div>\n\t\t\t\t\t<\/div>\n\t\t<\/div>\n\t\t\t\t<div class=\"elementor-column elementor-col-50 elementor-top-column elementor-element elementor-element-c6a1b43\" data-id=\"c6a1b43\" data-element_type=\"column\">\n\t\t\t<div class=\"elementor-widget-wrap elementor-element-populated\">\n\t\t\t\t\t\t<div class=\"elementor-element elementor-element-f5c6076 elementor-button-align-stretch elementor-widget elementor-widget-form\" data-id=\"f5c6076\" data-element_type=\"widget\" data-settings=\"{&quot;button_width&quot;:&quot;20&quot;,&quot;step_next_label&quot;:&quot;Next&quot;,&quot;step_previous_label&quot;:&quot;Previous&quot;,&quot;step_type&quot;:&quot;number_text&quot;,&quot;step_icon_shape&quot;:&quot;circle&quot;}\" data-widget_type=\"form.default\">\n\t\t\t\t<div class=\"elementor-widget-container\">\n\t\t\t\t\t\t\t<form class=\"elementor-form\" method=\"post\" name=\"Contact Form English\" action=\"\">\n\t\t\t<input type=\"hidden\" name=\"post_id\" value=\"68\"\/>\n\t\t\t<input type=\"hidden\" name=\"form_id\" value=\"f5c6076\"\/>\n\t\t\t<input type=\"hidden\" name=\"referer_title\" value=\"La Tonnelle Hotel\" \/>\n\n\t\t\t\n\t\t\t<div class=\"elementor-form-fields-wrapper elementor-labels-above\">\n\t\t\t\t\t\t\t\t<div class=\"elementor-field-type-text elementor-field-group elementor-column elementor-field-group-name elementor-col-100\">\n\t\t\t\t\t\t\t\t\t\t\t\t<label for=\"form-field-name\" class=\"elementor-field-label\">\n\t\t\t\t\t\t\t\tNom\t\t\t\t\t\t\t<\/label>\n\t\t\t\t\t\t\t\t\t\t\t\t\t\t<input size=\"1\" type=\"text\" name=\"form_fields[name]\" id=\"form-field-name\" class=\"elementor-field elementor-size-sm  elementor-field-textual\" placeholder=\"Nom\">\n\t\t\t\t\t\t\t\t\t\t\t<\/div>\n\t\t\t\t\t\t\t\t<div class=\"elementor-field-type-email elementor-field-group elementor-column elementor-field-group-email elementor-col-100 elementor-field-required\">\n\t\t\t\t\t\t\t\t\t\t\t\t<label for=\"form-field-email\" class=\"elementor-field-label\">\n\t\t\t\t\t\t\t\tE-mail\t\t\t\t\t\t\t<\/label>\n\t\t\t\t\t\t\t\t\t\t\t\t\t\t<input size=\"1\" type=\"email\" name=\"form_fields[email]\" id=\"form-field-email\" class=\"elementor-field elementor-size-sm  elementor-field-textual\" placeholder=\"E-mail\" required=\"required\" aria-required=\"true\">\n\t\t\t\t\t\t\t\t\t\t\t<\/div>\n\t\t\t\t\t\t\t\t<div class=\"elementor-field-type-tel elementor-field-group elementor-column elementor-field-group-field_a62e759 elementor-col-100 elementor-field-required\">\n\t\t\t\t\t\t\t\t\t\t\t\t<label for=\"form-field-field_a62e759\" class=\"elementor-field-label\">\n\t\t\t\t\t\t\t\tT\u00e9l\u00e9phone\t\t\t\t\t\t\t<\/label>\n\t\t\t\t\t\t\t\t<input size=\"1\" type=\"tel\" name=\"form_fields[field_a62e759]\" id=\"form-field-field_a62e759\" class=\"elementor-field elementor-size-sm  elementor-field-textual\" placeholder=\"Num\u00e9ro Mobile\" required=\"required\" aria-required=\"true\" pattern=\"[0-9()#&amp;+*-=.]+\" title=\"Seuls les caract\u00e8res de num\u00e9ros de t\u00e9l\u00e9phone (#, -, *, etc.) sont accept\u00e9s.\">\n\n\t\t\t\t\t\t<\/div>\n\t\t\t\t\t\t\t\t<div class=\"elementor-field-type-textarea elementor-field-group elementor-column elementor-field-group-message elementor-col-100\">\n\t\t\t\t\t\t\t\t\t\t\t\t<label for=\"form-field-message\" class=\"elementor-field-label\">\n\t\t\t\t\t\t\t\tMessage\t\t\t\t\t\t\t<\/label>\n\t\t\t\t\t\t<textarea class=\"elementor-field-textual elementor-field  elementor-size-sm\" name=\"form_fields[message]\" id=\"form-field-message\" rows=\"4\" placeholder=\"Message\"><\/textarea>\t\t\t\t<\/div>\n\t\t\t\t\t\t\t\t<div class=\"elementor-field-group elementor-column elementor-field-type-submit elementor-col-20 e-form__buttons\">\n\t\t\t\t\t<button type=\"submit\" class=\"elementor-button elementor-size-sm\">\n\t\t\t\t\t\t<span >\n\t\t\t\t\t\t\t\t\t\t\t\t\t\t\t<span class=\"elementor-button-icon\">\n\t\t\t\t\t\t\t\t\t\t\t\t\t\t\t\t\t\t\t\t\t\t\t\t\t\t<\/span>\n\t\t\t\t\t\t\t\t\t\t\t\t\t\t\t\t\t\t\t\t\t\t<span class=\"elementor-button-text\">Envoyer<\/span>\n\t\t\t\t\t\t\t\t\t\t\t\t\t<\/span>\n\t\t\t\t\t<\/button>\n\t\t\t\t<\/div>\n\t\t\t<\/div>\n\t\t<input type=\"hidden\" name=\"trp-form-language\" value=\"fr\"\/><\/form>\n\t\t\t\t\t\t<\/div>\n\t\t\t\t<\/div>\n\t\t\t\t\t<\/div>\n\t\t<\/div>\n\t\t\t\t\t<\/div>\n\t\t<\/section>\n\t\t\t\t<\/div>","protected":false},"excerpt":{"rendered":"<p>Contact Us To help us to answer to your demands and questions, kindly fill the form below. We will get back to you as soon as possible. You can reach us by phone and WhatsApp on the (+230) 54 99 68 55. mail : contact@latonnellehotel.com<\/p>","protected":false},"author":1,"featured_media":0,"parent":0,"menu_order":0,"comment_status":"closed","ping_status":"closed","template":"","meta":{"footnotes":""},"class_list":["post-68","page","type-page","status-publish","hentry"],"yoast_head":"<!-- This site is optimized with the Yoast SEO plugin v25.6 - https:\/\/yoast.com\/wordpress\/plugins\/seo\/ -->\n<title>Contact Latonnelle - La Tonnelle Hotel<\/title>\n<meta name=\"robots\" content=\"index, follow, max-snippet:-1, max-image-preview:large, max-video-preview:-1\" \/>\n<link rel=\"canonical\" href=\"https:\/\/latonnellehotel.com\/fr\/contact-latonnelle\/\" \/>\n<meta property=\"og:locale\" content=\"fr_FR\" \/>\n<meta property=\"og:type\" content=\"article\" \/>\n<meta property=\"og:title\" content=\"Contact Latonnelle - La Tonnelle Hotel\" \/>\n<meta property=\"og:description\" content=\"Contact Us To help us to answer to your demands and questions, kindly fill the form below. We will get back to you as soon as possible. You can reach us by phone and WhatsApp on the (+230) 54 99 68 55. mail : contact@latonnellehotel.com\" \/>\n<meta property=\"og:url\" content=\"https:\/\/latonnellehotel.com\/fr\/contact-latonnelle\/\" \/>\n<meta property=\"og:site_name\" content=\"La Tonnelle Hotel\" \/>\n<meta property=\"article:modified_time\" content=\"2021-11-05T08:10:02+00:00\" \/>\n<meta name=\"twitter:card\" content=\"summary_large_image\" \/>\n<meta name=\"twitter:label1\" content=\"Dur\u00e9e de lecture estim\u00e9e\" \/>\n\t<meta name=\"twitter:data1\" content=\"1 minute\" \/>\n<script type=\"application\/ld+json\" class=\"yoast-schema-graph\">{\"@context\":\"https:\/\/schema.org\",\"@graph\":[{\"@type\":\"WebPage\",\"@id\":\"https:\/\/latonnellehotel.com\/contact-latonnelle\/\",\"url\":\"https:\/\/latonnellehotel.com\/contact-latonnelle\/\",\"name\":\"Contact Latonnelle - La Tonnelle Hotel\",\"isPartOf\":{\"@id\":\"https:\/\/latonnellehotel.com\/#website\"},\"datePublished\":\"2021-06-07T09:09:32+00:00\",\"dateModified\":\"2021-11-05T08:10:02+00:00\",\"breadcrumb\":{\"@id\":\"https:\/\/latonnellehotel.com\/contact-latonnelle\/#breadcrumb\"},\"inLanguage\":\"fr-FR\",\"potentialAction\":[{\"@type\":\"ReadAction\",\"target\":[\"https:\/\/latonnellehotel.com\/contact-latonnelle\/\"]}]},{\"@type\":\"BreadcrumbList\",\"@id\":\"https:\/\/latonnellehotel.com\/contact-latonnelle\/#breadcrumb\",\"itemListElement\":[{\"@type\":\"ListItem\",\"position\":1,\"name\":\"Home\",\"item\":\"https:\/\/latonnellehotel.com\/\"},{\"@type\":\"ListItem\",\"position\":2,\"name\":\"Contact Latonnelle\"}]},{\"@type\":\"WebSite\",\"@id\":\"https:\/\/latonnellehotel.com\/#website\",\"url\":\"https:\/\/latonnellehotel.com\/\",\"name\":\"La Tonnelle Hotel\",\"description\":\"Guest House, Trou aux Biches, Mauritius\",\"publisher\":{\"@id\":\"https:\/\/latonnellehotel.com\/#organization\"},\"potentialAction\":[{\"@type\":\"SearchAction\",\"target\":{\"@type\":\"EntryPoint\",\"urlTemplate\":\"https:\/\/latonnellehotel.com\/?s={search_term_string}\"},\"query-input\":{\"@type\":\"PropertyValueSpecification\",\"valueRequired\":true,\"valueName\":\"search_term_string\"}}],\"inLanguage\":\"fr-FR\"},{\"@type\":\"Organization\",\"@id\":\"https:\/\/latonnellehotel.com\/#organization\",\"name\":\"La Tonnelle Hotel - Guest House in Mauritius\",\"url\":\"https:\/\/latonnellehotel.com\/\",\"logo\":{\"@type\":\"ImageObject\",\"inLanguage\":\"fr-FR\",\"@id\":\"https:\/\/latonnellehotel.com\/#\/schema\/logo\/image\/\",\"url\":\"https:\/\/latonnellehotel.com\/wp-content\/uploads\/2021\/06\/logo-latonnelle.png\",\"contentUrl\":\"https:\/\/latonnellehotel.com\/wp-content\/uploads\/2021\/06\/logo-latonnelle.png\",\"width\":177,\"height\":106,\"caption\":\"La Tonnelle Hotel - Guest House in Mauritius\"},\"image\":{\"@id\":\"https:\/\/latonnellehotel.com\/#\/schema\/logo\/image\/\"}}]}<\/script>\n<!-- \/ Yoast SEO plugin. -->","yoast_head_json":{"title":"Contact Latonnelle - La Tonnelle Hotel","robots":{"index":"index","follow":"follow","max-snippet":"max-snippet:-1","max-image-preview":"max-image-preview:large","max-video-preview":"max-video-preview:-1"},"canonical":"https:\/\/latonnellehotel.com\/fr\/contact-latonnelle\/","og_locale":"fr_FR","og_type":"article","og_title":"Contact Latonnelle - La Tonnelle Hotel","og_description":"Contact Us To help us to answer to your demands and questions, kindly fill the form below. We will get back to you as soon as possible. You can reach us by phone and WhatsApp on the (+230) 54 99 68 55. mail : contact@latonnellehotel.com","og_url":"https:\/\/latonnellehotel.com\/fr\/contact-latonnelle\/","og_site_name":"La Tonnelle Hotel","article_modified_time":"2021-11-05T08:10:02+00:00","twitter_card":"summary_large_image","twitter_misc":{"Dur\u00e9e de lecture estim\u00e9e":"1 minute"},"schema":{"@context":"https:\/\/schema.org","@graph":[{"@type":"WebPage","@id":"https:\/\/latonnellehotel.com\/contact-latonnelle\/","url":"https:\/\/latonnellehotel.com\/contact-latonnelle\/","name":"Contact Latonnelle - La Tonnelle Hotel","isPartOf":{"@id":"https:\/\/latonnellehotel.com\/#website"},"datePublished":"2021-06-07T09:09:32+00:00","dateModified":"2021-11-05T08:10:02+00:00","breadcrumb":{"@id":"https:\/\/latonnellehotel.com\/contact-latonnelle\/#breadcrumb"},"inLanguage":"fr-FR","potentialAction":[{"@type":"ReadAction","target":["https:\/\/latonnellehotel.com\/contact-latonnelle\/"]}]},{"@type":"BreadcrumbList","@id":"https:\/\/latonnellehotel.com\/contact-latonnelle\/#breadcrumb","itemListElement":[{"@type":"ListItem","position":1,"name":"Home","item":"https:\/\/latonnellehotel.com\/"},{"@type":"ListItem","position":2,"name":"Contact Latonnelle"}]},{"@type":"WebSite","@id":"https:\/\/latonnellehotel.com\/#website","url":"https:\/\/latonnellehotel.com\/","name":"La Tonnelle Hotel","description":"Guest House, Trou aux Biches, Mauritius","publisher":{"@id":"https:\/\/latonnellehotel.com\/#organization"},"potentialAction":[{"@type":"SearchAction","target":{"@type":"EntryPoint","urlTemplate":"https:\/\/latonnellehotel.com\/?s={search_term_string}"},"query-input":{"@type":"PropertyValueSpecification","valueRequired":true,"valueName":"search_term_string"}}],"inLanguage":"fr-FR"},{"@type":"Organization","@id":"https:\/\/latonnellehotel.com\/#organization","name":"La Tonnelle Hotel - Guest House in Mauritius","url":"https:\/\/latonnellehotel.com\/","logo":{"@type":"ImageObject","inLanguage":"fr-FR","@id":"https:\/\/latonnellehotel.com\/#\/schema\/logo\/image\/","url":"https:\/\/latonnellehotel.com\/wp-content\/uploads\/2021\/06\/logo-latonnelle.png","contentUrl":"https:\/\/latonnellehotel.com\/wp-content\/uploads\/2021\/06\/logo-latonnelle.png","width":177,"height":106,"caption":"La Tonnelle Hotel - Guest House in Mauritius"},"image":{"@id":"https:\/\/latonnellehotel.com\/#\/schema\/logo\/image\/"}}]}},"_links":{"self":[{"href":"https:\/\/latonnellehotel.com\/fr\/wp-json\/wp\/v2\/pages\/68","targetHints":{"allow":["GET"]}}],"collection":[{"href":"https:\/\/latonnellehotel.com\/fr\/wp-json\/wp\/v2\/pages"}],"about":[{"href":"https:\/\/latonnellehotel.com\/fr\/wp-json\/wp\/v2\/types\/page"}],"author":[{"embeddable":true,"href":"https:\/\/latonnellehotel.com\/fr\/wp-json\/wp\/v2\/users\/1"}],"replies":[{"embeddable":true,"href":"https:\/\/latonnellehotel.com\/fr\/wp-json\/wp\/v2\/comments?post=68"}],"version-history":[{"count":0,"href":"https:\/\/latonnellehotel.com\/fr\/wp-json\/wp\/v2\/pages\/68\/revisions"}],"wp:attachment":[{"href":"https:\/\/latonnellehotel.com\/fr\/wp-json\/wp\/v2\/media?parent=68"}],"curies":[{"name":"wp","href":"https:\/\/api.w.org\/{rel}","templated":true}]}}