{"id":81,"date":"2021-06-07T15:21:05","date_gmt":"2021-06-07T11:21:05","guid":{"rendered":"https:\/\/latonnellehotel.com\/?page_id=81"},"modified":"2021-08-09T10:26:43","modified_gmt":"2021-08-09T06:26:43","slug":"activities","status":"publish","type":"page","link":"https:\/\/latonnellehotel.com\/fr\/activities\/","title":{"rendered":"Activit\u00e9s"},"content":{"rendered":"<div data-elementor-type=\"wp-page\" data-elementor-id=\"81\" class=\"elementor elementor-81\">\n\t\t\t\t\t\t<section class=\"elementor-section elementor-top-section elementor-element elementor-element-f92141c elementor-section-boxed elementor-section-height-default elementor-section-height-default\" data-id=\"f92141c\" data-element_type=\"section\">\n\t\t\t\t\t\t<div class=\"elementor-container elementor-column-gap-default\">\n\t\t\t\t\t<div class=\"elementor-column elementor-col-33 elementor-top-column elementor-element elementor-element-a1aaae2\" data-id=\"a1aaae2\" data-element_type=\"column\">\n\t\t\t<div class=\"elementor-widget-wrap elementor-element-populated\">\n\t\t\t\t\t\t<section class=\"elementor-section elementor-inner-section elementor-element elementor-element-87d079b elementor-section-boxed elementor-section-height-default elementor-section-height-default\" data-id=\"87d079b\" data-element_type=\"section\">\n\t\t\t\t\t\t<div class=\"elementor-container elementor-column-gap-default\">\n\t\t\t\t\t<div class=\"elementor-column elementor-col-100 elementor-inner-column elementor-element elementor-element-4918e2d\" data-id=\"4918e2d\" data-element_type=\"column\">\n\t\t\t<div class=\"elementor-widget-wrap elementor-element-populated\">\n\t\t\t\t\t\t<div class=\"elementor-element elementor-element-4025de7 elementor-widget elementor-widget-text-editor\" data-id=\"4025de7\" data-element_type=\"widget\" data-widget_type=\"text-editor.default\">\n\t\t\t\t<div class=\"elementor-widget-container\">\n\t\t\t\t\t\t\t\t\t<h2><strong>ACTIVIT\u00c9S<\/strong><\/h2><p>Vos transports, la Terre, la Mer, votre bien-\u00eatre\u2026nous nous mettons \u00e0 votre disposition et selon vos d\u00e9sirs afin que votre s\u00e9jour vous soit le plus profitable.\nL\u2019\u00e9quipe de La Tonnelle vous permettra de d\u00e9couvrir l\u2019\u00eele Maurice autrement ; en couple, en groupe, avec ou sans guide\u2026\u00e0 votre bon plaisir.<\/p>\t\t\t\t\t\t\t\t<\/div>\n\t\t\t\t<\/div>\n\t\t\t\t\t<\/div>\n\t\t<\/div>\n\t\t\t\t\t<\/div>\n\t\t<\/section>\n\t\t\t\t\t<\/div>\n\t\t<\/div>\n\t\t\t\t<div class=\"elementor-column elementor-col-33 elementor-top-column elementor-element elementor-element-6c9f6f9\" data-id=\"6c9f6f9\" data-element_type=\"column\">\n\t\t\t<div class=\"elementor-widget-wrap elementor-element-populated\">\n\t\t\t\t\t\t<div class=\"elementor-element elementor-element-7e1d012 elementor-widget elementor-widget-heading\" data-id=\"7e1d012\" data-element_type=\"widget\" data-widget_type=\"heading.default\">\n\t\t\t\t<div class=\"elementor-widget-container\">\n\t\t\t\t\t<h2 class=\"elementor-heading-title elementor-size-default\">Transport<\/h2>\t\t\t\t<\/div>\n\t\t\t\t<\/div>\n\t\t\t\t<div class=\"elementor-element elementor-element-58e51b4 elementor-widget elementor-widget-image\" data-id=\"58e51b4\" data-element_type=\"widget\" data-widget_type=\"image.default\">\n\t\t\t\t<div class=\"elementor-widget-container\">\n\t\t\t\t\t\t\t\t\t\t\t\t\t\t\t<img fetchpriority=\"high\" decoding=\"async\" width=\"437\" height=\"175\" src=\"https:\/\/latonnellehotel.com\/wp-content\/uploads\/2021\/06\/Latonnelle.minibus.voiture.png\" class=\"attachment-large size-large wp-image-270\" alt=\"\" srcset=\"https:\/\/latonnellehotel.com\/wp-content\/uploads\/2021\/06\/Latonnelle.minibus.voiture.png 437w, https:\/\/latonnellehotel.com\/wp-content\/uploads\/2021\/06\/Latonnelle.minibus.voiture-300x120.png 300w, https:\/\/latonnellehotel.com\/wp-content\/uploads\/2021\/06\/Latonnelle.minibus.voiture-16x6.png 16w\" sizes=\"(max-width: 437px) 100vw, 437px\" \/>\t\t\t\t\t\t\t\t\t\t\t\t\t\t\t<\/div>\n\t\t\t\t<\/div>\n\t\t\t\t<div class=\"elementor-element elementor-element-d4bdba8 elementor-align-center elementor-widget elementor-widget-button\" data-id=\"d4bdba8\" data-element_type=\"widget\" data-widget_type=\"button.default\">\n\t\t\t\t<div class=\"elementor-widget-container\">\n\t\t\t\t\t\t\t\t\t<div class=\"elementor-button-wrapper\">\n\t\t\t\t\t<a class=\"elementor-button elementor-button-link elementor-size-xs\" href=\"#elementor-action%3Aaction%3Dpopup%3Aopen%26settings%3DeyJpZCI6IjI4NCIsInRvZ2dsZSI6ZmFsc2V9\">\n\t\t\t\t\t\t<span class=\"elementor-button-content-wrapper\">\n\t\t\t\t\t\t\t\t\t<span class=\"elementor-button-text\">Lire Plus<\/span>\n\t\t\t\t\t<\/span>\n\t\t\t\t\t<\/a>\n\t\t\t\t<\/div>\n\t\t\t\t\t\t\t\t<\/div>\n\t\t\t\t<\/div>\n\t\t\t\t\t<\/div>\n\t\t<\/div>\n\t\t\t\t<div class=\"elementor-column elementor-col-33 elementor-top-column elementor-element elementor-element-854e484\" data-id=\"854e484\" data-element_type=\"column\">\n\t\t\t<div class=\"elementor-widget-wrap elementor-element-populated\">\n\t\t\t\t\t\t<div class=\"elementor-element elementor-element-62ebcd7 elementor-widget elementor-widget-heading\" data-id=\"62ebcd7\" data-element_type=\"widget\" data-widget_type=\"heading.default\">\n\t\t\t\t<div class=\"elementor-widget-container\">\n\t\t\t\t\t<h2 class=\"elementor-heading-title elementor-size-default\">Mer<\/h2>\t\t\t\t<\/div>\n\t\t\t\t<\/div>\n\t\t\t\t<div class=\"elementor-element elementor-element-03667fc elementor-widget elementor-widget-image\" data-id=\"03667fc\" data-element_type=\"widget\" data-widget_type=\"image.default\">\n\t\t\t\t<div class=\"elementor-widget-container\">\n\t\t\t\t\t\t\t\t\t\t\t\t\t\t\t<img decoding=\"async\" width=\"197\" height=\"156\" src=\"https:\/\/latonnellehotel.com\/wp-content\/uploads\/2021\/06\/Latonnelle-sea.png\" class=\"attachment-medium size-medium wp-image-275\" alt=\"\" srcset=\"https:\/\/latonnellehotel.com\/wp-content\/uploads\/2021\/06\/Latonnelle-sea.png 197w, https:\/\/latonnellehotel.com\/wp-content\/uploads\/2021\/06\/Latonnelle-sea-16x12.png 16w\" sizes=\"(max-width: 197px) 100vw, 197px\" \/>\t\t\t\t\t\t\t\t\t\t\t\t\t\t\t<\/div>\n\t\t\t\t<\/div>\n\t\t\t\t<div class=\"elementor-element elementor-element-c04d856 elementor-align-center elementor-widget elementor-widget-button\" data-id=\"c04d856\" data-element_type=\"widget\" data-widget_type=\"button.default\">\n\t\t\t\t<div class=\"elementor-widget-container\">\n\t\t\t\t\t\t\t\t\t<div class=\"elementor-button-wrapper\">\n\t\t\t\t\t<a class=\"elementor-button elementor-button-link elementor-size-xs\" href=\"#elementor-action%3Aaction%3Dpopup%3Aopen%26settings%3DeyJpZCI6IjMwMiIsInRvZ2dsZSI6ZmFsc2V9\">\n\t\t\t\t\t\t<span class=\"elementor-button-content-wrapper\">\n\t\t\t\t\t\t\t\t\t<span class=\"elementor-button-text\">Lire Plus<\/span>\n\t\t\t\t\t<\/span>\n\t\t\t\t\t<\/a>\n\t\t\t\t<\/div>\n\t\t\t\t\t\t\t\t<\/div>\n\t\t\t\t<\/div>\n\t\t\t\t\t<\/div>\n\t\t<\/div>\n\t\t\t\t\t<\/div>\n\t\t<\/section>\n\t\t\t\t<section class=\"elementor-section elementor-top-section elementor-element elementor-element-0456553 elementor-section-boxed elementor-section-height-default elementor-section-height-default\" data-id=\"0456553\" data-element_type=\"section\">\n\t\t\t\t\t\t<div class=\"elementor-container elementor-column-gap-default\">\n\t\t\t\t\t<div class=\"elementor-column elementor-col-33 elementor-top-column elementor-element elementor-element-7dc8aa2\" data-id=\"7dc8aa2\" data-element_type=\"column\">\n\t\t\t<div class=\"elementor-widget-wrap\">\n\t\t\t\t\t\t\t<\/div>\n\t\t<\/div>\n\t\t\t\t<div class=\"elementor-column elementor-col-33 elementor-top-column elementor-element elementor-element-2ef82b6\" data-id=\"2ef82b6\" data-element_type=\"column\">\n\t\t\t<div class=\"elementor-widget-wrap elementor-element-populated\">\n\t\t\t\t\t\t<div class=\"elementor-element elementor-element-75e9203 elementor-widget elementor-widget-heading\" data-id=\"75e9203\" data-element_type=\"widget\" data-widget_type=\"heading.default\">\n\t\t\t\t<div class=\"elementor-widget-container\">\n\t\t\t\t\t<h2 class=\"elementor-heading-title elementor-size-default\">La Terre<\/h2>\t\t\t\t<\/div>\n\t\t\t\t<\/div>\n\t\t\t\t<div class=\"elementor-element elementor-element-0e0f3e8 elementor-widget elementor-widget-image\" data-id=\"0e0f3e8\" data-element_type=\"widget\" data-widget_type=\"image.default\">\n\t\t\t\t<div class=\"elementor-widget-container\">\n\t\t\t\t\t\t\t\t\t\t\t\t\t\t\t<img decoding=\"async\" width=\"232\" height=\"158\" src=\"https:\/\/latonnellehotel.com\/wp-content\/uploads\/2021\/06\/Latonnelle-Land.png\" class=\"attachment-large size-large wp-image-276\" alt=\"\" srcset=\"https:\/\/latonnellehotel.com\/wp-content\/uploads\/2021\/06\/Latonnelle-Land.png 232w, https:\/\/latonnellehotel.com\/wp-content\/uploads\/2021\/06\/Latonnelle-Land-16x12.png 16w\" sizes=\"(max-width: 232px) 100vw, 232px\" \/>\t\t\t\t\t\t\t\t\t\t\t\t\t\t\t<\/div>\n\t\t\t\t<\/div>\n\t\t\t\t<div class=\"elementor-element elementor-element-aa0fc91 elementor-align-center elementor-widget elementor-widget-button\" data-id=\"aa0fc91\" data-element_type=\"widget\" data-widget_type=\"button.default\">\n\t\t\t\t<div class=\"elementor-widget-container\">\n\t\t\t\t\t\t\t\t\t<div class=\"elementor-button-wrapper\">\n\t\t\t\t\t<a class=\"elementor-button elementor-button-link elementor-size-xs\" href=\"#elementor-action%3Aaction%3Dpopup%3Aopen%26settings%3DeyJpZCI6IjMwNSIsInRvZ2dsZSI6ZmFsc2V9\">\n\t\t\t\t\t\t<span class=\"elementor-button-content-wrapper\">\n\t\t\t\t\t\t\t\t\t<span class=\"elementor-button-text\">Lire Plus<\/span>\n\t\t\t\t\t<\/span>\n\t\t\t\t\t<\/a>\n\t\t\t\t<\/div>\n\t\t\t\t\t\t\t\t<\/div>\n\t\t\t\t<\/div>\n\t\t\t\t\t<\/div>\n\t\t<\/div>\n\t\t\t\t<div class=\"elementor-column elementor-col-33 elementor-top-column elementor-element elementor-element-bd1c378\" data-id=\"bd1c378\" data-element_type=\"column\">\n\t\t\t<div class=\"elementor-widget-wrap elementor-element-populated\">\n\t\t\t\t\t\t<div class=\"elementor-element elementor-element-b65afa2 elementor-widget elementor-widget-heading\" data-id=\"b65afa2\" data-element_type=\"widget\" data-widget_type=\"heading.default\">\n\t\t\t\t<div class=\"elementor-widget-container\">\n\t\t\t\t\t<h2 class=\"elementor-heading-title elementor-size-default\">Bien-\u00catre<\/h2>\t\t\t\t<\/div>\n\t\t\t\t<\/div>\n\t\t\t\t<div class=\"elementor-element elementor-element-bd1f5db elementor-widget elementor-widget-image\" data-id=\"bd1f5db\" data-element_type=\"widget\" data-widget_type=\"image.default\">\n\t\t\t\t<div class=\"elementor-widget-container\">\n\t\t\t\t\t\t\t\t\t\t\t\t\t\t\t<img loading=\"lazy\" decoding=\"async\" width=\"260\" height=\"155\" src=\"https:\/\/latonnellehotel.com\/wp-content\/uploads\/2021\/06\/LaTonnelle-Wellness.png\" class=\"attachment-large size-large wp-image-277\" alt=\"\" srcset=\"https:\/\/latonnellehotel.com\/wp-content\/uploads\/2021\/06\/LaTonnelle-Wellness.png 260w, https:\/\/latonnellehotel.com\/wp-content\/uploads\/2021\/06\/LaTonnelle-Wellness-16x10.png 16w\" sizes=\"(max-width: 260px) 100vw, 260px\" \/>\t\t\t\t\t\t\t\t\t\t\t\t\t\t\t<\/div>\n\t\t\t\t<\/div>\n\t\t\t\t<section class=\"elementor-section elementor-inner-section elementor-element elementor-element-db33028 elementor-section-boxed elementor-section-height-default elementor-section-height-default\" data-id=\"db33028\" data-element_type=\"section\">\n\t\t\t\t\t\t<div class=\"elementor-container elementor-column-gap-default\">\n\t\t\t\t\t<div class=\"elementor-column elementor-col-100 elementor-inner-column elementor-element elementor-element-0af11a3\" data-id=\"0af11a3\" data-element_type=\"column\">\n\t\t\t<div class=\"elementor-widget-wrap elementor-element-populated\">\n\t\t\t\t\t\t<div class=\"elementor-element elementor-element-a62572e elementor-align-center elementor-widget elementor-widget-button\" data-id=\"a62572e\" data-element_type=\"widget\" data-widget_type=\"button.default\">\n\t\t\t\t<div class=\"elementor-widget-container\">\n\t\t\t\t\t\t\t\t\t<div class=\"elementor-button-wrapper\">\n\t\t\t\t\t<a class=\"elementor-button elementor-button-link elementor-size-xs\" href=\"#elementor-action%3Aaction%3Dpopup%3Aopen%26settings%3DeyJpZCI6IjMzMyIsInRvZ2dsZSI6ZmFsc2V9\">\n\t\t\t\t\t\t<span class=\"elementor-button-content-wrapper\">\n\t\t\t\t\t\t\t\t\t<span class=\"elementor-button-text\">Lire Plus<\/span>\n\t\t\t\t\t<\/span>\n\t\t\t\t\t<\/a>\n\t\t\t\t<\/div>\n\t\t\t\t\t\t\t\t<\/div>\n\t\t\t\t<\/div>\n\t\t\t\t\t<\/div>\n\t\t<\/div>\n\t\t\t\t\t<\/div>\n\t\t<\/section>\n\t\t\t\t\t<\/div>\n\t\t<\/div>\n\t\t\t\t\t<\/div>\n\t\t<\/section>\n\t\t\t\t<\/div>","protected":false},"excerpt":{"rendered":"<p>ACTIVITIES Means of transport, land, sea and well-being\u2026 we are at your disposal for activities as per your desires so that your stay is most profitable to you. LA TONNELLE\u2019s team\u00a0will allow you to discover\u00a0Mauritius\u00a0in another perspective; either in couple or in groups; with or without a guide\u2026 at your convenience. Transport Read More Sea [&hellip;]<\/p>","protected":false},"author":2,"featured_media":0,"parent":0,"menu_order":0,"comment_status":"closed","ping_status":"closed","template":"elementor_theme","meta":{"footnotes":""},"class_list":["post-81","page","type-page","status-publish","hentry"],"yoast_head":"<!-- This site is optimized with the Yoast SEO plugin v25.6 - https:\/\/yoast.com\/wordpress\/plugins\/seo\/ -->\n<title>Activities - La Tonnelle Hotel<\/title>\n<meta name=\"robots\" content=\"index, follow, max-snippet:-1, max-image-preview:large, max-video-preview:-1\" \/>\n<link rel=\"canonical\" href=\"https:\/\/latonnellehotel.com\/fr\/activities\/\" \/>\n<meta property=\"og:locale\" content=\"fr_FR\" \/>\n<meta property=\"og:type\" content=\"article\" \/>\n<meta property=\"og:title\" content=\"Activities - La Tonnelle Hotel\" \/>\n<meta property=\"og:description\" content=\"ACTIVITIES Means of transport, land, sea and well-being\u2026 we are at your disposal for activities as per your desires so that your stay is most profitable to you. LA TONNELLE\u2019s team\u00a0will allow you to discover\u00a0Mauritius\u00a0in another perspective; either in couple or in groups; with or without a guide\u2026 at your convenience. Transport Read More Sea [&hellip;]\" \/>\n<meta property=\"og:url\" content=\"https:\/\/latonnellehotel.com\/fr\/activities\/\" \/>\n<meta property=\"og:site_name\" content=\"La Tonnelle Hotel\" \/>\n<meta property=\"article:modified_time\" content=\"2021-08-09T06:26:43+00:00\" \/>\n<meta property=\"og:image\" content=\"https:\/\/latonnellehotel.com\/wp-content\/uploads\/2021\/06\/Latonnelle.minibus.voiture.png\" \/>\n<meta name=\"twitter:card\" content=\"summary_large_image\" \/>\n<meta name=\"twitter:label1\" content=\"Dur\u00e9e de lecture estim\u00e9e\" \/>\n\t<meta name=\"twitter:data1\" content=\"2 minutes\" \/>\n<script type=\"application\/ld+json\" class=\"yoast-schema-graph\">{\"@context\":\"https:\/\/schema.org\",\"@graph\":[{\"@type\":\"WebPage\",\"@id\":\"https:\/\/latonnellehotel.com\/activities\/\",\"url\":\"https:\/\/latonnellehotel.com\/activities\/\",\"name\":\"Activities - La Tonnelle Hotel\",\"isPartOf\":{\"@id\":\"https:\/\/latonnellehotel.com\/#website\"},\"primaryImageOfPage\":{\"@id\":\"https:\/\/latonnellehotel.com\/activities\/#primaryimage\"},\"image\":{\"@id\":\"https:\/\/latonnellehotel.com\/activities\/#primaryimage\"},\"thumbnailUrl\":\"https:\/\/latonnellehotel.com\/wp-content\/uploads\/2021\/06\/Latonnelle.minibus.voiture.png\",\"datePublished\":\"2021-06-07T11:21:05+00:00\",\"dateModified\":\"2021-08-09T06:26:43+00:00\",\"breadcrumb\":{\"@id\":\"https:\/\/latonnellehotel.com\/activities\/#breadcrumb\"},\"inLanguage\":\"fr-FR\",\"potentialAction\":[{\"@type\":\"ReadAction\",\"target\":[\"https:\/\/latonnellehotel.com\/activities\/\"]}]},{\"@type\":\"ImageObject\",\"inLanguage\":\"fr-FR\",\"@id\":\"https:\/\/latonnellehotel.com\/activities\/#primaryimage\",\"url\":\"https:\/\/latonnellehotel.com\/wp-content\/uploads\/2021\/06\/Latonnelle.minibus.voiture.png\",\"contentUrl\":\"https:\/\/latonnellehotel.com\/wp-content\/uploads\/2021\/06\/Latonnelle.minibus.voiture.png\"},{\"@type\":\"BreadcrumbList\",\"@id\":\"https:\/\/latonnellehotel.com\/activities\/#breadcrumb\",\"itemListElement\":[{\"@type\":\"ListItem\",\"position\":1,\"name\":\"Home\",\"item\":\"https:\/\/latonnellehotel.com\/\"},{\"@type\":\"ListItem\",\"position\":2,\"name\":\"Activities\"}]},{\"@type\":\"WebSite\",\"@id\":\"https:\/\/latonnellehotel.com\/#website\",\"url\":\"https:\/\/latonnellehotel.com\/\",\"name\":\"La Tonnelle Hotel\",\"description\":\"Guest House, Trou aux Biches, Mauritius\",\"publisher\":{\"@id\":\"https:\/\/latonnellehotel.com\/#organization\"},\"potentialAction\":[{\"@type\":\"SearchAction\",\"target\":{\"@type\":\"EntryPoint\",\"urlTemplate\":\"https:\/\/latonnellehotel.com\/?s={search_term_string}\"},\"query-input\":{\"@type\":\"PropertyValueSpecification\",\"valueRequired\":true,\"valueName\":\"search_term_string\"}}],\"inLanguage\":\"fr-FR\"},{\"@type\":\"Organization\",\"@id\":\"https:\/\/latonnellehotel.com\/#organization\",\"name\":\"La Tonnelle Hotel - Guest House in Mauritius\",\"url\":\"https:\/\/latonnellehotel.com\/\",\"logo\":{\"@type\":\"ImageObject\",\"inLanguage\":\"fr-FR\",\"@id\":\"https:\/\/latonnellehotel.com\/#\/schema\/logo\/image\/\",\"url\":\"https:\/\/latonnellehotel.com\/wp-content\/uploads\/2021\/06\/logo-latonnelle.png\",\"contentUrl\":\"https:\/\/latonnellehotel.com\/wp-content\/uploads\/2021\/06\/logo-latonnelle.png\",\"width\":177,\"height\":106,\"caption\":\"La Tonnelle Hotel - Guest House in Mauritius\"},\"image\":{\"@id\":\"https:\/\/latonnellehotel.com\/#\/schema\/logo\/image\/\"}}]}<\/script>\n<!-- \/ Yoast SEO plugin. -->","yoast_head_json":{"title":"Activities - La Tonnelle Hotel","robots":{"index":"index","follow":"follow","max-snippet":"max-snippet:-1","max-image-preview":"max-image-preview:large","max-video-preview":"max-video-preview:-1"},"canonical":"https:\/\/latonnellehotel.com\/fr\/activities\/","og_locale":"fr_FR","og_type":"article","og_title":"Activities - La Tonnelle Hotel","og_description":"ACTIVITIES Means of transport, land, sea and well-being\u2026 we are at your disposal for activities as per your desires so that your stay is most profitable to you. LA TONNELLE\u2019s team\u00a0will allow you to discover\u00a0Mauritius\u00a0in another perspective; either in couple or in groups; with or without a guide\u2026 at your convenience. Transport Read More Sea [&hellip;]","og_url":"https:\/\/latonnellehotel.com\/fr\/activities\/","og_site_name":"La Tonnelle Hotel","article_modified_time":"2021-08-09T06:26:43+00:00","og_image":[{"url":"https:\/\/latonnellehotel.com\/wp-content\/uploads\/2021\/06\/Latonnelle.minibus.voiture.png","type":"","width":"","height":""}],"twitter_card":"summary_large_image","twitter_misc":{"Dur\u00e9e de lecture estim\u00e9e":"2 minutes"},"schema":{"@context":"https:\/\/schema.org","@graph":[{"@type":"WebPage","@id":"https:\/\/latonnellehotel.com\/activities\/","url":"https:\/\/latonnellehotel.com\/activities\/","name":"Activities - La Tonnelle Hotel","isPartOf":{"@id":"https:\/\/latonnellehotel.com\/#website"},"primaryImageOfPage":{"@id":"https:\/\/latonnellehotel.com\/activities\/#primaryimage"},"image":{"@id":"https:\/\/latonnellehotel.com\/activities\/#primaryimage"},"thumbnailUrl":"https:\/\/latonnellehotel.com\/wp-content\/uploads\/2021\/06\/Latonnelle.minibus.voiture.png","datePublished":"2021-06-07T11:21:05+00:00","dateModified":"2021-08-09T06:26:43+00:00","breadcrumb":{"@id":"https:\/\/latonnellehotel.com\/activities\/#breadcrumb"},"inLanguage":"fr-FR","potentialAction":[{"@type":"ReadAction","target":["https:\/\/latonnellehotel.com\/activities\/"]}]},{"@type":"ImageObject","inLanguage":"fr-FR","@id":"https:\/\/latonnellehotel.com\/activities\/#primaryimage","url":"https:\/\/latonnellehotel.com\/wp-content\/uploads\/2021\/06\/Latonnelle.minibus.voiture.png","contentUrl":"https:\/\/latonnellehotel.com\/wp-content\/uploads\/2021\/06\/Latonnelle.minibus.voiture.png"},{"@type":"BreadcrumbList","@id":"https:\/\/latonnellehotel.com\/activities\/#breadcrumb","itemListElement":[{"@type":"ListItem","position":1,"name":"Home","item":"https:\/\/latonnellehotel.com\/"},{"@type":"ListItem","position":2,"name":"Activities"}]},{"@type":"WebSite","@id":"https:\/\/latonnellehotel.com\/#website","url":"https:\/\/latonnellehotel.com\/","name":"La Tonnelle Hotel","description":"Guest House, Trou aux Biches, Mauritius","publisher":{"@id":"https:\/\/latonnellehotel.com\/#organization"},"potentialAction":[{"@type":"SearchAction","target":{"@type":"EntryPoint","urlTemplate":"https:\/\/latonnellehotel.com\/?s={search_term_string}"},"query-input":{"@type":"PropertyValueSpecification","valueRequired":true,"valueName":"search_term_string"}}],"inLanguage":"fr-FR"},{"@type":"Organization","@id":"https:\/\/latonnellehotel.com\/#organization","name":"La Tonnelle Hotel - Guest House in Mauritius","url":"https:\/\/latonnellehotel.com\/","logo":{"@type":"ImageObject","inLanguage":"fr-FR","@id":"https:\/\/latonnellehotel.com\/#\/schema\/logo\/image\/","url":"https:\/\/latonnellehotel.com\/wp-content\/uploads\/2021\/06\/logo-latonnelle.png","contentUrl":"https:\/\/latonnellehotel.com\/wp-content\/uploads\/2021\/06\/logo-latonnelle.png","width":177,"height":106,"caption":"La Tonnelle Hotel - Guest House in Mauritius"},"image":{"@id":"https:\/\/latonnellehotel.com\/#\/schema\/logo\/image\/"}}]}},"_links":{"self":[{"href":"https:\/\/latonnellehotel.com\/fr\/wp-json\/wp\/v2\/pages\/81","targetHints":{"allow":["GET"]}}],"collection":[{"href":"https:\/\/latonnellehotel.com\/fr\/wp-json\/wp\/v2\/pages"}],"about":[{"href":"https:\/\/latonnellehotel.com\/fr\/wp-json\/wp\/v2\/types\/page"}],"author":[{"embeddable":true,"href":"https:\/\/latonnellehotel.com\/fr\/wp-json\/wp\/v2\/users\/2"}],"replies":[{"embeddable":true,"href":"https:\/\/latonnellehotel.com\/fr\/wp-json\/wp\/v2\/comments?post=81"}],"version-history":[{"count":0,"href":"https:\/\/latonnellehotel.com\/fr\/wp-json\/wp\/v2\/pages\/81\/revisions"}],"wp:attachment":[{"href":"https:\/\/latonnellehotel.com\/fr\/wp-json\/wp\/v2\/media?parent=81"}],"curies":[{"name":"wp","href":"https:\/\/api.w.org\/{rel}","templated":true}]}}