{"id":506,"date":"2021-06-22T18:26:15","date_gmt":"2021-06-22T14:26:15","guid":{"rendered":"https:\/\/latonnellehotel.com\/?post_type=product&#038;p=506"},"modified":"2021-08-20T14:26:07","modified_gmt":"2021-08-20T10:26:07","slug":"solo-room","status":"publish","type":"product","link":"https:\/\/latonnellehotel.com\/fr\/produit\/solo-room\/","title":{"rendered":"Chambre Solo"},"content":{"rendered":"<p>Le standard de confort est inclus dans toutes ces chambres solo et le forfait comprend le room service quotidien ainsi que :<\/p>\n<p>Lit de qualit\u00e9<br \/>\nClimatisation<br \/>\nT\u00e9l\u00e9vision avec les cha\u00eenes TNT<br \/>\nCoffre<br \/>\nR\u00e9frig\u00e9rateur<br \/>\nSalle de bains priv\u00e9e<br \/>\nS\u00e8che-cheveux<br \/>\nMiroirs de maquillage<br \/>\nServiette de plage<br \/>\nLes budgets des chambres sont tous diff\u00e9rents, certaines \u00e9tant plus spacieuses, d'autres ayant plus de fen\u00eatres et toutes ont des vues diff\u00e9rentes, mais elles sont toutes accueillantes et vous offriront un s\u00e9jour confortable.<\/p>\n<p>Les chambres seront attribu\u00e9es en fonction de notre planning de r\u00e9servation et ne pourront malheureusement pas \u00eatre choisies.<\/p>","protected":false},"excerpt":{"rendered":"<p>The comfort standard is included in all these solo rooms and the package includes the daily room service as well as: Quality bedding Air condition TV with TNT channels Safe Refrigerator Private bathroom Hairdryer Make up mirrors Beach towel The budget rooms are all different, with some being more spacious, some having more windows and [&hellip;]<\/p>","protected":false},"featured_media":561,"template":"","meta":[],"product_brand":[],"product_cat":[53],"product_tag":[],"class_list":{"0":"post-506","1":"product","2":"type-product","3":"status-publish","4":"has-post-thumbnail","6":"product_cat-uncategorized","8":"first","9":"instock","10":"shipping-taxable","11":"product-type-simple"},"yoast_head":"<!-- This site is optimized with the Yoast SEO plugin v25.6 - https:\/\/yoast.com\/wordpress\/plugins\/seo\/ -->\n<title>Solo Room - La Tonnelle Hotel<\/title>\n<meta name=\"robots\" content=\"index, follow, max-snippet:-1, max-image-preview:large, max-video-preview:-1\" \/>\n<link rel=\"canonical\" href=\"https:\/\/latonnellehotel.com\/fr\/produit\/solo-room\/\" \/>\n<meta property=\"og:locale\" content=\"fr_FR\" \/>\n<meta property=\"og:type\" content=\"article\" \/>\n<meta property=\"og:title\" content=\"Solo Room - La Tonnelle Hotel\" \/>\n<meta property=\"og:description\" content=\"The comfort standard is included in all these solo rooms and the package includes the daily room service as well as: Quality bedding Air condition TV with TNT channels Safe Refrigerator Private bathroom Hairdryer Make up mirrors Beach towel The budget rooms are all different, with some being more spacious, some having more windows and [&hellip;]\" \/>\n<meta property=\"og:url\" content=\"https:\/\/latonnellehotel.com\/fr\/produit\/solo-room\/\" \/>\n<meta property=\"og:site_name\" content=\"La Tonnelle Hotel\" \/>\n<meta property=\"article:modified_time\" content=\"2021-08-20T10:26:07+00:00\" \/>\n<meta property=\"og:image\" content=\"https:\/\/latonnellehotel.com\/wp-content\/uploads\/2021\/06\/Solo-room-1-latonnelle-.jpeg\" \/>\n\t<meta property=\"og:image:width\" content=\"1024\" \/>\n\t<meta property=\"og:image:height\" content=\"768\" \/>\n\t<meta property=\"og:image:type\" content=\"image\/jpeg\" \/>\n<meta name=\"twitter:card\" content=\"summary_large_image\" \/>\n<script type=\"application\/ld+json\" class=\"yoast-schema-graph\">{\"@context\":\"https:\/\/schema.org\",\"@graph\":[{\"@type\":\"WebPage\",\"@id\":\"https:\/\/latonnellehotel.com\/fr\/produit\/solo-room\/\",\"url\":\"https:\/\/latonnellehotel.com\/fr\/produit\/solo-room\/\",\"name\":\"Solo Room - La Tonnelle Hotel\",\"isPartOf\":{\"@id\":\"https:\/\/latonnellehotel.com\/#website\"},\"primaryImageOfPage\":{\"@id\":\"https:\/\/latonnellehotel.com\/fr\/produit\/solo-room\/#primaryimage\"},\"image\":{\"@id\":\"https:\/\/latonnellehotel.com\/fr\/produit\/solo-room\/#primaryimage\"},\"thumbnailUrl\":\"https:\/\/latonnellehotel.com\/wp-content\/uploads\/2021\/06\/Solo-room-1-latonnelle-.jpeg\",\"datePublished\":\"2021-06-22T14:26:15+00:00\",\"dateModified\":\"2021-08-20T10:26:07+00:00\",\"breadcrumb\":{\"@id\":\"https:\/\/latonnellehotel.com\/fr\/produit\/solo-room\/#breadcrumb\"},\"inLanguage\":\"fr-FR\",\"potentialAction\":[{\"@type\":\"ReadAction\",\"target\":[\"https:\/\/latonnellehotel.com\/fr\/produit\/solo-room\/\"]}]},{\"@type\":\"ImageObject\",\"inLanguage\":\"fr-FR\",\"@id\":\"https:\/\/latonnellehotel.com\/fr\/produit\/solo-room\/#primaryimage\",\"url\":\"https:\/\/latonnellehotel.com\/wp-content\/uploads\/2021\/06\/Solo-room-1-latonnelle-.jpeg\",\"contentUrl\":\"https:\/\/latonnellehotel.com\/wp-content\/uploads\/2021\/06\/Solo-room-1-latonnelle-.jpeg\",\"width\":1024,\"height\":768},{\"@type\":\"BreadcrumbList\",\"@id\":\"https:\/\/latonnellehotel.com\/fr\/produit\/solo-room\/#breadcrumb\",\"itemListElement\":[{\"@type\":\"ListItem\",\"position\":1,\"name\":\"Home\",\"item\":\"https:\/\/latonnellehotel.com\/\"},{\"@type\":\"ListItem\",\"position\":2,\"name\":\"Rooms\",\"item\":\"https:\/\/latonnellehotel.com\/rooms\/\"},{\"@type\":\"ListItem\",\"position\":3,\"name\":\"Solo Room\"}]},{\"@type\":\"WebSite\",\"@id\":\"https:\/\/latonnellehotel.com\/#website\",\"url\":\"https:\/\/latonnellehotel.com\/\",\"name\":\"La Tonnelle Hotel\",\"description\":\"Guest House, Trou aux Biches, Mauritius\",\"publisher\":{\"@id\":\"https:\/\/latonnellehotel.com\/#organization\"},\"potentialAction\":[{\"@type\":\"SearchAction\",\"target\":{\"@type\":\"EntryPoint\",\"urlTemplate\":\"https:\/\/latonnellehotel.com\/?s={search_term_string}\"},\"query-input\":{\"@type\":\"PropertyValueSpecification\",\"valueRequired\":true,\"valueName\":\"search_term_string\"}}],\"inLanguage\":\"fr-FR\"},{\"@type\":\"Organization\",\"@id\":\"https:\/\/latonnellehotel.com\/#organization\",\"name\":\"La Tonnelle Hotel - Guest House in Mauritius\",\"url\":\"https:\/\/latonnellehotel.com\/\",\"logo\":{\"@type\":\"ImageObject\",\"inLanguage\":\"fr-FR\",\"@id\":\"https:\/\/latonnellehotel.com\/#\/schema\/logo\/image\/\",\"url\":\"https:\/\/latonnellehotel.com\/wp-content\/uploads\/2021\/06\/logo-latonnelle.png\",\"contentUrl\":\"https:\/\/latonnellehotel.com\/wp-content\/uploads\/2021\/06\/logo-latonnelle.png\",\"width\":177,\"height\":106,\"caption\":\"La Tonnelle Hotel - Guest House in Mauritius\"},\"image\":{\"@id\":\"https:\/\/latonnellehotel.com\/#\/schema\/logo\/image\/\"}}]}<\/script>\n<!-- \/ Yoast SEO plugin. -->","yoast_head_json":{"title":"Solo Room - La Tonnelle Hotel","robots":{"index":"index","follow":"follow","max-snippet":"max-snippet:-1","max-image-preview":"max-image-preview:large","max-video-preview":"max-video-preview:-1"},"canonical":"https:\/\/latonnellehotel.com\/fr\/produit\/solo-room\/","og_locale":"fr_FR","og_type":"article","og_title":"Solo Room - La Tonnelle Hotel","og_description":"The comfort standard is included in all these solo rooms and the package includes the daily room service as well as: Quality bedding Air condition TV with TNT channels Safe Refrigerator Private bathroom Hairdryer Make up mirrors Beach towel The budget rooms are all different, with some being more spacious, some having more windows and [&hellip;]","og_url":"https:\/\/latonnellehotel.com\/fr\/produit\/solo-room\/","og_site_name":"La Tonnelle Hotel","article_modified_time":"2021-08-20T10:26:07+00:00","og_image":[{"width":1024,"height":768,"url":"https:\/\/latonnellehotel.com\/wp-content\/uploads\/2021\/06\/Solo-room-1-latonnelle-.jpeg","type":"image\/jpeg"}],"twitter_card":"summary_large_image","schema":{"@context":"https:\/\/schema.org","@graph":[{"@type":"WebPage","@id":"https:\/\/latonnellehotel.com\/fr\/produit\/solo-room\/","url":"https:\/\/latonnellehotel.com\/fr\/produit\/solo-room\/","name":"Solo Room - La Tonnelle Hotel","isPartOf":{"@id":"https:\/\/latonnellehotel.com\/#website"},"primaryImageOfPage":{"@id":"https:\/\/latonnellehotel.com\/fr\/produit\/solo-room\/#primaryimage"},"image":{"@id":"https:\/\/latonnellehotel.com\/fr\/produit\/solo-room\/#primaryimage"},"thumbnailUrl":"https:\/\/latonnellehotel.com\/wp-content\/uploads\/2021\/06\/Solo-room-1-latonnelle-.jpeg","datePublished":"2021-06-22T14:26:15+00:00","dateModified":"2021-08-20T10:26:07+00:00","breadcrumb":{"@id":"https:\/\/latonnellehotel.com\/fr\/produit\/solo-room\/#breadcrumb"},"inLanguage":"fr-FR","potentialAction":[{"@type":"ReadAction","target":["https:\/\/latonnellehotel.com\/fr\/produit\/solo-room\/"]}]},{"@type":"ImageObject","inLanguage":"fr-FR","@id":"https:\/\/latonnellehotel.com\/fr\/produit\/solo-room\/#primaryimage","url":"https:\/\/latonnellehotel.com\/wp-content\/uploads\/2021\/06\/Solo-room-1-latonnelle-.jpeg","contentUrl":"https:\/\/latonnellehotel.com\/wp-content\/uploads\/2021\/06\/Solo-room-1-latonnelle-.jpeg","width":1024,"height":768},{"@type":"BreadcrumbList","@id":"https:\/\/latonnellehotel.com\/fr\/produit\/solo-room\/#breadcrumb","itemListElement":[{"@type":"ListItem","position":1,"name":"Home","item":"https:\/\/latonnellehotel.com\/"},{"@type":"ListItem","position":2,"name":"Rooms","item":"https:\/\/latonnellehotel.com\/rooms\/"},{"@type":"ListItem","position":3,"name":"Solo Room"}]},{"@type":"WebSite","@id":"https:\/\/latonnellehotel.com\/#website","url":"https:\/\/latonnellehotel.com\/","name":"La Tonnelle Hotel","description":"Guest House, Trou aux Biches, Mauritius","publisher":{"@id":"https:\/\/latonnellehotel.com\/#organization"},"potentialAction":[{"@type":"SearchAction","target":{"@type":"EntryPoint","urlTemplate":"https:\/\/latonnellehotel.com\/?s={search_term_string}"},"query-input":{"@type":"PropertyValueSpecification","valueRequired":true,"valueName":"search_term_string"}}],"inLanguage":"fr-FR"},{"@type":"Organization","@id":"https:\/\/latonnellehotel.com\/#organization","name":"La Tonnelle Hotel - Guest House in Mauritius","url":"https:\/\/latonnellehotel.com\/","logo":{"@type":"ImageObject","inLanguage":"fr-FR","@id":"https:\/\/latonnellehotel.com\/#\/schema\/logo\/image\/","url":"https:\/\/latonnellehotel.com\/wp-content\/uploads\/2021\/06\/logo-latonnelle.png","contentUrl":"https:\/\/latonnellehotel.com\/wp-content\/uploads\/2021\/06\/logo-latonnelle.png","width":177,"height":106,"caption":"La Tonnelle Hotel - Guest House in Mauritius"},"image":{"@id":"https:\/\/latonnellehotel.com\/#\/schema\/logo\/image\/"}}]}},"_links":{"self":[{"href":"https:\/\/latonnellehotel.com\/fr\/wp-json\/wp\/v2\/product\/506","targetHints":{"allow":["GET"]}}],"collection":[{"href":"https:\/\/latonnellehotel.com\/fr\/wp-json\/wp\/v2\/product"}],"about":[{"href":"https:\/\/latonnellehotel.com\/fr\/wp-json\/wp\/v2\/types\/product"}],"wp:featuredmedia":[{"embeddable":true,"href":"https:\/\/latonnellehotel.com\/fr\/wp-json\/wp\/v2\/media\/561"}],"wp:attachment":[{"href":"https:\/\/latonnellehotel.com\/fr\/wp-json\/wp\/v2\/media?parent=506"}],"wp:term":[{"taxonomy":"product_brand","embeddable":true,"href":"https:\/\/latonnellehotel.com\/fr\/wp-json\/wp\/v2\/product_brand?post=506"},{"taxonomy":"product_cat","embeddable":true,"href":"https:\/\/latonnellehotel.com\/fr\/wp-json\/wp\/v2\/product_cat?post=506"},{"taxonomy":"product_tag","embeddable":true,"href":"https:\/\/latonnellehotel.com\/fr\/wp-json\/wp\/v2\/product_tag?post=506"}],"curies":[{"name":"wp","href":"https:\/\/api.w.org\/{rel}","templated":true}]}}