{"id":514,"date":"2021-06-22T22:23:32","date_gmt":"2021-06-22T18:23:32","guid":{"rendered":"https:\/\/latonnellehotel.com\/?post_type=product&#038;p=514"},"modified":"2021-08-20T14:22:52","modified_gmt":"2021-08-20T10:22:52","slug":"eco-comfort","status":"publish","type":"product","link":"https:\/\/latonnellehotel.com\/fr\/produit\/eco-comfort\/","title":{"rendered":"\u00c9co confort"},"content":{"rendered":"<div class=\"is-divider small\">Capacit\u00e9 : 2 adultes : 4 chambres avec lits en 140cm et 2 chambres avec lits jumeaux, surface minimum 20 M\u00b2<\/div>\n<div class=\"product-short-description\">\n<p>Le standard de confort est inclus dans tous ces budgets des chambres et le forfait comprend le room service quotidien ainsi que :<\/p>\n<ul>\n<li>Lit de qualit\u00e9<\/li>\n<li>Climatisation<\/li>\n<li>T\u00e9l\u00e9vision avec les cha\u00eenes TNT<\/li>\n<li>Coffre<\/li>\n<li>R\u00e9frig\u00e9rateur<\/li>\n<li>Salle de bains priv\u00e9e<\/li>\n<li>S\u00e8che-cheveux<\/li>\n<li>Miroirs de maquillage<\/li>\n<li>Serviette de plage<\/li>\n<\/ul>\n<p>Les budgets des chambres sont tous diff\u00e9rents, certaines \u00e9tant plus spacieuses, d'autres ayant plus de fen\u00eatres et toutes ont des vues diff\u00e9rentes, mais elles sont toutes accueillantes et vous offriront un s\u00e9jour confortable.<\/p>\n<p>Les chambres seront attribu\u00e9es en fonction de notre planning de r\u00e9servation et ne pourront malheureusement pas \u00eatre choisies.<\/p>\n<\/div>","protected":false},"excerpt":{"rendered":"<p>Capacity: 2 adults: 4 rooms with 140cm beds and 2 twin beds rooms, minimum surface of 20 M\u00b2 The comfort standard is included in all these budget rooms and the package includes the daily room service as well as: Quality bedding Air condition TV with TNT channels Safe Refrigerator Private bathroom Hairdryer Make up mirrors [&hellip;]<\/p>","protected":false},"featured_media":569,"template":"","meta":[],"product_brand":[],"product_cat":[53],"product_tag":[],"class_list":{"0":"post-514","1":"product","2":"type-product","3":"status-publish","4":"has-post-thumbnail","6":"product_cat-uncategorized","8":"first","9":"instock","10":"shipping-taxable","11":"product-type-simple"},"yoast_head":"<!-- This site is optimized with the Yoast SEO plugin v25.6 - https:\/\/yoast.com\/wordpress\/plugins\/seo\/ -->\n<title>Eco Comfort - La Tonnelle Hotel<\/title>\n<meta name=\"robots\" content=\"index, follow, max-snippet:-1, max-image-preview:large, max-video-preview:-1\" \/>\n<link rel=\"canonical\" href=\"https:\/\/latonnellehotel.com\/fr\/produit\/eco-comfort\/\" \/>\n<meta property=\"og:locale\" content=\"fr_FR\" \/>\n<meta property=\"og:type\" content=\"article\" \/>\n<meta property=\"og:title\" content=\"Eco Comfort - La Tonnelle Hotel\" \/>\n<meta property=\"og:description\" content=\"Capacity: 2 adults: 4 rooms with 140cm beds and 2 twin beds rooms, minimum surface of 20 M\u00b2 The comfort standard is included in all these budget rooms and the package includes the daily room service as well as: Quality bedding Air condition TV with TNT channels Safe Refrigerator Private bathroom Hairdryer Make up mirrors [&hellip;]\" \/>\n<meta property=\"og:url\" content=\"https:\/\/latonnellehotel.com\/fr\/produit\/eco-comfort\/\" \/>\n<meta property=\"og:site_name\" content=\"La Tonnelle Hotel\" \/>\n<meta property=\"article:modified_time\" content=\"2021-08-20T10:22:52+00:00\" \/>\n<meta property=\"og:image\" content=\"https:\/\/latonnellehotel.com\/wp-content\/uploads\/2021\/06\/Eco-room-latonnelle-1.jpeg\" \/>\n\t<meta property=\"og:image:width\" content=\"2048\" \/>\n\t<meta property=\"og:image:height\" content=\"1536\" \/>\n\t<meta property=\"og:image:type\" content=\"image\/jpeg\" \/>\n<meta name=\"twitter:card\" content=\"summary_large_image\" \/>\n<meta name=\"twitter:label1\" content=\"Dur\u00e9e de lecture estim\u00e9e\" \/>\n\t<meta name=\"twitter:data1\" content=\"1 minute\" \/>\n<script type=\"application\/ld+json\" class=\"yoast-schema-graph\">{\"@context\":\"https:\/\/schema.org\",\"@graph\":[{\"@type\":\"WebPage\",\"@id\":\"https:\/\/latonnellehotel.com\/product\/eco-comfort\/\",\"url\":\"https:\/\/latonnellehotel.com\/product\/eco-comfort\/\",\"name\":\"Eco Comfort - La Tonnelle Hotel\",\"isPartOf\":{\"@id\":\"https:\/\/latonnellehotel.com\/#website\"},\"primaryImageOfPage\":{\"@id\":\"https:\/\/latonnellehotel.com\/product\/eco-comfort\/#primaryimage\"},\"image\":{\"@id\":\"https:\/\/latonnellehotel.com\/product\/eco-comfort\/#primaryimage\"},\"thumbnailUrl\":\"https:\/\/latonnellehotel.com\/wp-content\/uploads\/2021\/06\/Eco-room-latonnelle-1.jpeg\",\"datePublished\":\"2021-06-22T18:23:32+00:00\",\"dateModified\":\"2021-08-20T10:22:52+00:00\",\"breadcrumb\":{\"@id\":\"https:\/\/latonnellehotel.com\/product\/eco-comfort\/#breadcrumb\"},\"inLanguage\":\"fr-FR\",\"potentialAction\":[{\"@type\":\"ReadAction\",\"target\":[\"https:\/\/latonnellehotel.com\/product\/eco-comfort\/\"]}]},{\"@type\":\"ImageObject\",\"inLanguage\":\"fr-FR\",\"@id\":\"https:\/\/latonnellehotel.com\/product\/eco-comfort\/#primaryimage\",\"url\":\"https:\/\/latonnellehotel.com\/wp-content\/uploads\/2021\/06\/Eco-room-latonnelle-1.jpeg\",\"contentUrl\":\"https:\/\/latonnellehotel.com\/wp-content\/uploads\/2021\/06\/Eco-room-latonnelle-1.jpeg\",\"width\":2048,\"height\":1536},{\"@type\":\"BreadcrumbList\",\"@id\":\"https:\/\/latonnellehotel.com\/product\/eco-comfort\/#breadcrumb\",\"itemListElement\":[{\"@type\":\"ListItem\",\"position\":1,\"name\":\"Home\",\"item\":\"https:\/\/latonnellehotel.com\/\"},{\"@type\":\"ListItem\",\"position\":2,\"name\":\"Rooms\",\"item\":\"https:\/\/latonnellehotel.com\/rooms\/\"},{\"@type\":\"ListItem\",\"position\":3,\"name\":\"Eco Comfort\"}]},{\"@type\":\"WebSite\",\"@id\":\"https:\/\/latonnellehotel.com\/#website\",\"url\":\"https:\/\/latonnellehotel.com\/\",\"name\":\"La Tonnelle Hotel\",\"description\":\"Guest House, Trou aux Biches, Mauritius\",\"publisher\":{\"@id\":\"https:\/\/latonnellehotel.com\/#organization\"},\"potentialAction\":[{\"@type\":\"SearchAction\",\"target\":{\"@type\":\"EntryPoint\",\"urlTemplate\":\"https:\/\/latonnellehotel.com\/?s={search_term_string}\"},\"query-input\":{\"@type\":\"PropertyValueSpecification\",\"valueRequired\":true,\"valueName\":\"search_term_string\"}}],\"inLanguage\":\"fr-FR\"},{\"@type\":\"Organization\",\"@id\":\"https:\/\/latonnellehotel.com\/#organization\",\"name\":\"La Tonnelle Hotel - Guest House in Mauritius\",\"url\":\"https:\/\/latonnellehotel.com\/\",\"logo\":{\"@type\":\"ImageObject\",\"inLanguage\":\"fr-FR\",\"@id\":\"https:\/\/latonnellehotel.com\/#\/schema\/logo\/image\/\",\"url\":\"https:\/\/latonnellehotel.com\/wp-content\/uploads\/2021\/06\/logo-latonnelle.png\",\"contentUrl\":\"https:\/\/latonnellehotel.com\/wp-content\/uploads\/2021\/06\/logo-latonnelle.png\",\"width\":177,\"height\":106,\"caption\":\"La Tonnelle Hotel - Guest House in Mauritius\"},\"image\":{\"@id\":\"https:\/\/latonnellehotel.com\/#\/schema\/logo\/image\/\"}}]}<\/script>\n<!-- \/ Yoast SEO plugin. -->","yoast_head_json":{"title":"Eco Comfort - La Tonnelle Hotel","robots":{"index":"index","follow":"follow","max-snippet":"max-snippet:-1","max-image-preview":"max-image-preview:large","max-video-preview":"max-video-preview:-1"},"canonical":"https:\/\/latonnellehotel.com\/fr\/produit\/eco-comfort\/","og_locale":"fr_FR","og_type":"article","og_title":"Eco Comfort - La Tonnelle Hotel","og_description":"Capacity: 2 adults: 4 rooms with 140cm beds and 2 twin beds rooms, minimum surface of 20 M\u00b2 The comfort standard is included in all these budget rooms and the package includes the daily room service as well as: Quality bedding Air condition TV with TNT channels Safe Refrigerator Private bathroom Hairdryer Make up mirrors [&hellip;]","og_url":"https:\/\/latonnellehotel.com\/fr\/produit\/eco-comfort\/","og_site_name":"La Tonnelle Hotel","article_modified_time":"2021-08-20T10:22:52+00:00","og_image":[{"width":2048,"height":1536,"url":"https:\/\/latonnellehotel.com\/wp-content\/uploads\/2021\/06\/Eco-room-latonnelle-1.jpeg","type":"image\/jpeg"}],"twitter_card":"summary_large_image","twitter_misc":{"Dur\u00e9e de lecture estim\u00e9e":"1 minute"},"schema":{"@context":"https:\/\/schema.org","@graph":[{"@type":"WebPage","@id":"https:\/\/latonnellehotel.com\/product\/eco-comfort\/","url":"https:\/\/latonnellehotel.com\/product\/eco-comfort\/","name":"Eco Comfort - La Tonnelle Hotel","isPartOf":{"@id":"https:\/\/latonnellehotel.com\/#website"},"primaryImageOfPage":{"@id":"https:\/\/latonnellehotel.com\/product\/eco-comfort\/#primaryimage"},"image":{"@id":"https:\/\/latonnellehotel.com\/product\/eco-comfort\/#primaryimage"},"thumbnailUrl":"https:\/\/latonnellehotel.com\/wp-content\/uploads\/2021\/06\/Eco-room-latonnelle-1.jpeg","datePublished":"2021-06-22T18:23:32+00:00","dateModified":"2021-08-20T10:22:52+00:00","breadcrumb":{"@id":"https:\/\/latonnellehotel.com\/product\/eco-comfort\/#breadcrumb"},"inLanguage":"fr-FR","potentialAction":[{"@type":"ReadAction","target":["https:\/\/latonnellehotel.com\/product\/eco-comfort\/"]}]},{"@type":"ImageObject","inLanguage":"fr-FR","@id":"https:\/\/latonnellehotel.com\/product\/eco-comfort\/#primaryimage","url":"https:\/\/latonnellehotel.com\/wp-content\/uploads\/2021\/06\/Eco-room-latonnelle-1.jpeg","contentUrl":"https:\/\/latonnellehotel.com\/wp-content\/uploads\/2021\/06\/Eco-room-latonnelle-1.jpeg","width":2048,"height":1536},{"@type":"BreadcrumbList","@id":"https:\/\/latonnellehotel.com\/product\/eco-comfort\/#breadcrumb","itemListElement":[{"@type":"ListItem","position":1,"name":"Home","item":"https:\/\/latonnellehotel.com\/"},{"@type":"ListItem","position":2,"name":"Rooms","item":"https:\/\/latonnellehotel.com\/rooms\/"},{"@type":"ListItem","position":3,"name":"Eco Comfort"}]},{"@type":"WebSite","@id":"https:\/\/latonnellehotel.com\/#website","url":"https:\/\/latonnellehotel.com\/","name":"La Tonnelle Hotel","description":"Guest House, Trou aux Biches, Mauritius","publisher":{"@id":"https:\/\/latonnellehotel.com\/#organization"},"potentialAction":[{"@type":"SearchAction","target":{"@type":"EntryPoint","urlTemplate":"https:\/\/latonnellehotel.com\/?s={search_term_string}"},"query-input":{"@type":"PropertyValueSpecification","valueRequired":true,"valueName":"search_term_string"}}],"inLanguage":"fr-FR"},{"@type":"Organization","@id":"https:\/\/latonnellehotel.com\/#organization","name":"La Tonnelle Hotel - Guest House in Mauritius","url":"https:\/\/latonnellehotel.com\/","logo":{"@type":"ImageObject","inLanguage":"fr-FR","@id":"https:\/\/latonnellehotel.com\/#\/schema\/logo\/image\/","url":"https:\/\/latonnellehotel.com\/wp-content\/uploads\/2021\/06\/logo-latonnelle.png","contentUrl":"https:\/\/latonnellehotel.com\/wp-content\/uploads\/2021\/06\/logo-latonnelle.png","width":177,"height":106,"caption":"La Tonnelle Hotel - Guest House in Mauritius"},"image":{"@id":"https:\/\/latonnellehotel.com\/#\/schema\/logo\/image\/"}}]}},"_links":{"self":[{"href":"https:\/\/latonnellehotel.com\/fr\/wp-json\/wp\/v2\/product\/514","targetHints":{"allow":["GET"]}}],"collection":[{"href":"https:\/\/latonnellehotel.com\/fr\/wp-json\/wp\/v2\/product"}],"about":[{"href":"https:\/\/latonnellehotel.com\/fr\/wp-json\/wp\/v2\/types\/product"}],"wp:featuredmedia":[{"embeddable":true,"href":"https:\/\/latonnellehotel.com\/fr\/wp-json\/wp\/v2\/media\/569"}],"wp:attachment":[{"href":"https:\/\/latonnellehotel.com\/fr\/wp-json\/wp\/v2\/media?parent=514"}],"wp:term":[{"taxonomy":"product_brand","embeddable":true,"href":"https:\/\/latonnellehotel.com\/fr\/wp-json\/wp\/v2\/product_brand?post=514"},{"taxonomy":"product_cat","embeddable":true,"href":"https:\/\/latonnellehotel.com\/fr\/wp-json\/wp\/v2\/product_cat?post=514"},{"taxonomy":"product_tag","embeddable":true,"href":"https:\/\/latonnellehotel.com\/fr\/wp-json\/wp\/v2\/product_tag?post=514"}],"curies":[{"name":"wp","href":"https:\/\/api.w.org\/{rel}","templated":true}]}}