{"id":544,"date":"2021-06-23T12:44:40","date_gmt":"2021-06-23T08:44:40","guid":{"rendered":"https:\/\/latonnellehotel.com\/?post_type=product&#038;p=544"},"modified":"2021-08-20T14:19:50","modified_gmt":"2021-08-20T10:19:50","slug":"superior-terrace-suite","status":"publish","type":"product","link":"https:\/\/latonnellehotel.com\/fr\/produit\/superior-terrace-suite\/","title":{"rendered":"Suite Sup\u00e9rieure Terrasse"},"content":{"rendered":"<div class=\"is-divider small\">Les suites terrasse sup\u00e9rieures sont toutes situ\u00e9es au rez-de-chauss\u00e9e, avec une terrasse \u00e9quip\u00e9e d'une table et de si\u00e8ges. Le forfait comprend le service d'\u00e9tage quotidien ainsi que :<\/div>\n<div class=\"product-short-description\">\n<ul>\n<li>Lit de qualit\u00e9<\/li>\n<li>Climatisation<\/li>\n<li>T\u00e9l\u00e9vision avec les cha\u00eenes TNT<\/li>\n<li>Coffre<\/li>\n<li>R\u00e9frig\u00e9rateur<\/li>\n<li>Salle de bains priv\u00e9e<\/li>\n<li>S\u00e8che-cheveux<\/li>\n<li>Miroirs de maquillage<\/li>\n<li>Serviette de plage<\/li>\n<li>\u00c9tendoir<\/li>\n<\/ul>\n<p>Toutes les suites terrasse sup\u00e9rieures sont identiques et vous offriront un s\u00e9jour confortable et douillet, que vous soyez en voyage d'affaires ou en vacances.<\/p>\n<p>Les chambres seront attribu\u00e9es en fonction de notre planning de r\u00e9servation et ne pourront malheureusement pas \u00eatre choisies.<\/p>\n<\/div>","protected":false},"excerpt":{"rendered":"<p>The superior terrace suites are all located on the ground floor, with a terrace equipped with a table and seats.\u00a0 The package includes the daily room service as well as: Quality bedding Air condition TV with TNT channels Safe Refrigerator Private bathroom Hairdryer Make up mirrors Beach towel Drying rack All the superior terrace suites [&hellip;]<\/p>","protected":false},"featured_media":594,"template":"","meta":[],"product_brand":[],"product_cat":[53],"product_tag":[],"class_list":{"0":"post-544","1":"product","2":"type-product","3":"status-publish","4":"has-post-thumbnail","6":"product_cat-uncategorized","8":"first","9":"instock","10":"shipping-taxable","11":"product-type-simple"},"yoast_head":"<!-- This site is optimized with the Yoast SEO plugin v25.6 - https:\/\/yoast.com\/wordpress\/plugins\/seo\/ -->\n<title>Superior Terrace Suite - La Tonnelle Hotel<\/title>\n<meta name=\"robots\" content=\"index, follow, max-snippet:-1, max-image-preview:large, max-video-preview:-1\" \/>\n<link rel=\"canonical\" href=\"https:\/\/latonnellehotel.com\/fr\/produit\/superior-terrace-suite\/\" \/>\n<meta property=\"og:locale\" content=\"fr_FR\" \/>\n<meta property=\"og:type\" content=\"article\" \/>\n<meta property=\"og:title\" content=\"Superior Terrace Suite - La Tonnelle Hotel\" \/>\n<meta property=\"og:description\" content=\"The superior terrace suites are all located on the ground floor, with a terrace equipped with a table and seats.\u00a0 The package includes the daily room service as well as: Quality bedding Air condition TV with TNT channels Safe Refrigerator Private bathroom Hairdryer Make up mirrors Beach towel Drying rack All the superior terrace suites [&hellip;]\" \/>\n<meta property=\"og:url\" content=\"https:\/\/latonnellehotel.com\/fr\/produit\/superior-terrace-suite\/\" \/>\n<meta property=\"og:site_name\" content=\"La Tonnelle Hotel\" \/>\n<meta property=\"article:modified_time\" content=\"2021-08-20T10:19:50+00:00\" \/>\n<meta property=\"og:image\" content=\"https:\/\/latonnellehotel.com\/wp-content\/uploads\/2021\/06\/Superior-Terrace-Suite-latonnelle-1.jpeg\" \/>\n\t<meta property=\"og:image:width\" content=\"1024\" \/>\n\t<meta property=\"og:image:height\" content=\"768\" \/>\n\t<meta property=\"og:image:type\" content=\"image\/jpeg\" \/>\n<meta name=\"twitter:card\" content=\"summary_large_image\" \/>\n<meta name=\"twitter:label1\" content=\"Dur\u00e9e de lecture estim\u00e9e\" \/>\n\t<meta name=\"twitter:data1\" content=\"1 minute\" \/>\n<script type=\"application\/ld+json\" class=\"yoast-schema-graph\">{\"@context\":\"https:\/\/schema.org\",\"@graph\":[{\"@type\":\"WebPage\",\"@id\":\"https:\/\/latonnellehotel.com\/fr\/produit\/superior-terrace-suite\/\",\"url\":\"https:\/\/latonnellehotel.com\/fr\/produit\/superior-terrace-suite\/\",\"name\":\"Superior Terrace Suite - La Tonnelle Hotel\",\"isPartOf\":{\"@id\":\"https:\/\/latonnellehotel.com\/#website\"},\"primaryImageOfPage\":{\"@id\":\"https:\/\/latonnellehotel.com\/fr\/produit\/superior-terrace-suite\/#primaryimage\"},\"image\":{\"@id\":\"https:\/\/latonnellehotel.com\/fr\/produit\/superior-terrace-suite\/#primaryimage\"},\"thumbnailUrl\":\"https:\/\/latonnellehotel.com\/wp-content\/uploads\/2021\/06\/Superior-Terrace-Suite-latonnelle-1.jpeg\",\"datePublished\":\"2021-06-23T08:44:40+00:00\",\"dateModified\":\"2021-08-20T10:19:50+00:00\",\"breadcrumb\":{\"@id\":\"https:\/\/latonnellehotel.com\/fr\/produit\/superior-terrace-suite\/#breadcrumb\"},\"inLanguage\":\"fr-FR\",\"potentialAction\":[{\"@type\":\"ReadAction\",\"target\":[\"https:\/\/latonnellehotel.com\/fr\/produit\/superior-terrace-suite\/\"]}]},{\"@type\":\"ImageObject\",\"inLanguage\":\"fr-FR\",\"@id\":\"https:\/\/latonnellehotel.com\/fr\/produit\/superior-terrace-suite\/#primaryimage\",\"url\":\"https:\/\/latonnellehotel.com\/wp-content\/uploads\/2021\/06\/Superior-Terrace-Suite-latonnelle-1.jpeg\",\"contentUrl\":\"https:\/\/latonnellehotel.com\/wp-content\/uploads\/2021\/06\/Superior-Terrace-Suite-latonnelle-1.jpeg\",\"width\":1024,\"height\":768},{\"@type\":\"BreadcrumbList\",\"@id\":\"https:\/\/latonnellehotel.com\/fr\/produit\/superior-terrace-suite\/#breadcrumb\",\"itemListElement\":[{\"@type\":\"ListItem\",\"position\":1,\"name\":\"Home\",\"item\":\"https:\/\/latonnellehotel.com\/\"},{\"@type\":\"ListItem\",\"position\":2,\"name\":\"Rooms\",\"item\":\"https:\/\/latonnellehotel.com\/rooms\/\"},{\"@type\":\"ListItem\",\"position\":3,\"name\":\"Superior Terrace Suite\"}]},{\"@type\":\"WebSite\",\"@id\":\"https:\/\/latonnellehotel.com\/#website\",\"url\":\"https:\/\/latonnellehotel.com\/\",\"name\":\"La Tonnelle Hotel\",\"description\":\"Guest House, Trou aux Biches, Mauritius\",\"publisher\":{\"@id\":\"https:\/\/latonnellehotel.com\/#organization\"},\"potentialAction\":[{\"@type\":\"SearchAction\",\"target\":{\"@type\":\"EntryPoint\",\"urlTemplate\":\"https:\/\/latonnellehotel.com\/?s={search_term_string}\"},\"query-input\":{\"@type\":\"PropertyValueSpecification\",\"valueRequired\":true,\"valueName\":\"search_term_string\"}}],\"inLanguage\":\"fr-FR\"},{\"@type\":\"Organization\",\"@id\":\"https:\/\/latonnellehotel.com\/#organization\",\"name\":\"La Tonnelle Hotel - Guest House in Mauritius\",\"url\":\"https:\/\/latonnellehotel.com\/\",\"logo\":{\"@type\":\"ImageObject\",\"inLanguage\":\"fr-FR\",\"@id\":\"https:\/\/latonnellehotel.com\/#\/schema\/logo\/image\/\",\"url\":\"https:\/\/latonnellehotel.com\/wp-content\/uploads\/2021\/06\/logo-latonnelle.png\",\"contentUrl\":\"https:\/\/latonnellehotel.com\/wp-content\/uploads\/2021\/06\/logo-latonnelle.png\",\"width\":177,\"height\":106,\"caption\":\"La Tonnelle Hotel - Guest House in Mauritius\"},\"image\":{\"@id\":\"https:\/\/latonnellehotel.com\/#\/schema\/logo\/image\/\"}}]}<\/script>\n<!-- \/ Yoast SEO plugin. -->","yoast_head_json":{"title":"Superior Terrace Suite - La Tonnelle Hotel","robots":{"index":"index","follow":"follow","max-snippet":"max-snippet:-1","max-image-preview":"max-image-preview:large","max-video-preview":"max-video-preview:-1"},"canonical":"https:\/\/latonnellehotel.com\/fr\/produit\/superior-terrace-suite\/","og_locale":"fr_FR","og_type":"article","og_title":"Superior Terrace Suite - La Tonnelle Hotel","og_description":"The superior terrace suites are all located on the ground floor, with a terrace equipped with a table and seats.\u00a0 The package includes the daily room service as well as: Quality bedding Air condition TV with TNT channels Safe Refrigerator Private bathroom Hairdryer Make up mirrors Beach towel Drying rack All the superior terrace suites [&hellip;]","og_url":"https:\/\/latonnellehotel.com\/fr\/produit\/superior-terrace-suite\/","og_site_name":"La Tonnelle Hotel","article_modified_time":"2021-08-20T10:19:50+00:00","og_image":[{"width":1024,"height":768,"url":"https:\/\/latonnellehotel.com\/wp-content\/uploads\/2021\/06\/Superior-Terrace-Suite-latonnelle-1.jpeg","type":"image\/jpeg"}],"twitter_card":"summary_large_image","twitter_misc":{"Dur\u00e9e de lecture estim\u00e9e":"1 minute"},"schema":{"@context":"https:\/\/schema.org","@graph":[{"@type":"WebPage","@id":"https:\/\/latonnellehotel.com\/fr\/produit\/superior-terrace-suite\/","url":"https:\/\/latonnellehotel.com\/fr\/produit\/superior-terrace-suite\/","name":"Superior Terrace Suite - La Tonnelle Hotel","isPartOf":{"@id":"https:\/\/latonnellehotel.com\/#website"},"primaryImageOfPage":{"@id":"https:\/\/latonnellehotel.com\/fr\/produit\/superior-terrace-suite\/#primaryimage"},"image":{"@id":"https:\/\/latonnellehotel.com\/fr\/produit\/superior-terrace-suite\/#primaryimage"},"thumbnailUrl":"https:\/\/latonnellehotel.com\/wp-content\/uploads\/2021\/06\/Superior-Terrace-Suite-latonnelle-1.jpeg","datePublished":"2021-06-23T08:44:40+00:00","dateModified":"2021-08-20T10:19:50+00:00","breadcrumb":{"@id":"https:\/\/latonnellehotel.com\/fr\/produit\/superior-terrace-suite\/#breadcrumb"},"inLanguage":"fr-FR","potentialAction":[{"@type":"ReadAction","target":["https:\/\/latonnellehotel.com\/fr\/produit\/superior-terrace-suite\/"]}]},{"@type":"ImageObject","inLanguage":"fr-FR","@id":"https:\/\/latonnellehotel.com\/fr\/produit\/superior-terrace-suite\/#primaryimage","url":"https:\/\/latonnellehotel.com\/wp-content\/uploads\/2021\/06\/Superior-Terrace-Suite-latonnelle-1.jpeg","contentUrl":"https:\/\/latonnellehotel.com\/wp-content\/uploads\/2021\/06\/Superior-Terrace-Suite-latonnelle-1.jpeg","width":1024,"height":768},{"@type":"BreadcrumbList","@id":"https:\/\/latonnellehotel.com\/fr\/produit\/superior-terrace-suite\/#breadcrumb","itemListElement":[{"@type":"ListItem","position":1,"name":"Home","item":"https:\/\/latonnellehotel.com\/"},{"@type":"ListItem","position":2,"name":"Rooms","item":"https:\/\/latonnellehotel.com\/rooms\/"},{"@type":"ListItem","position":3,"name":"Superior Terrace Suite"}]},{"@type":"WebSite","@id":"https:\/\/latonnellehotel.com\/#website","url":"https:\/\/latonnellehotel.com\/","name":"La Tonnelle Hotel","description":"Guest House, Trou aux Biches, Mauritius","publisher":{"@id":"https:\/\/latonnellehotel.com\/#organization"},"potentialAction":[{"@type":"SearchAction","target":{"@type":"EntryPoint","urlTemplate":"https:\/\/latonnellehotel.com\/?s={search_term_string}"},"query-input":{"@type":"PropertyValueSpecification","valueRequired":true,"valueName":"search_term_string"}}],"inLanguage":"fr-FR"},{"@type":"Organization","@id":"https:\/\/latonnellehotel.com\/#organization","name":"La Tonnelle Hotel - Guest House in Mauritius","url":"https:\/\/latonnellehotel.com\/","logo":{"@type":"ImageObject","inLanguage":"fr-FR","@id":"https:\/\/latonnellehotel.com\/#\/schema\/logo\/image\/","url":"https:\/\/latonnellehotel.com\/wp-content\/uploads\/2021\/06\/logo-latonnelle.png","contentUrl":"https:\/\/latonnellehotel.com\/wp-content\/uploads\/2021\/06\/logo-latonnelle.png","width":177,"height":106,"caption":"La Tonnelle Hotel - Guest House in Mauritius"},"image":{"@id":"https:\/\/latonnellehotel.com\/#\/schema\/logo\/image\/"}}]}},"_links":{"self":[{"href":"https:\/\/latonnellehotel.com\/fr\/wp-json\/wp\/v2\/product\/544","targetHints":{"allow":["GET"]}}],"collection":[{"href":"https:\/\/latonnellehotel.com\/fr\/wp-json\/wp\/v2\/product"}],"about":[{"href":"https:\/\/latonnellehotel.com\/fr\/wp-json\/wp\/v2\/types\/product"}],"wp:featuredmedia":[{"embeddable":true,"href":"https:\/\/latonnellehotel.com\/fr\/wp-json\/wp\/v2\/media\/594"}],"wp:attachment":[{"href":"https:\/\/latonnellehotel.com\/fr\/wp-json\/wp\/v2\/media?parent=544"}],"wp:term":[{"taxonomy":"product_brand","embeddable":true,"href":"https:\/\/latonnellehotel.com\/fr\/wp-json\/wp\/v2\/product_brand?post=544"},{"taxonomy":"product_cat","embeddable":true,"href":"https:\/\/latonnellehotel.com\/fr\/wp-json\/wp\/v2\/product_cat?post=544"},{"taxonomy":"product_tag","embeddable":true,"href":"https:\/\/latonnellehotel.com\/fr\/wp-json\/wp\/v2\/product_tag?post=544"}],"curies":[{"name":"wp","href":"https:\/\/api.w.org\/{rel}","templated":true}]}}